{"id":610,"date":"2018-02-15T09:12:03","date_gmt":"2018-02-15T09:12:03","guid":{"rendered":"https:\/\/ethermedia.hu\/about-us\/"},"modified":"2020-06-26T07:39:20","modified_gmt":"2020-06-26T07:39:20","slug":"rolunk","status":"publish","type":"page","link":"https:\/\/ethermedia.hu\/hu\/rolunk\/","title":{"rendered":"R\u00f3lunk"},"content":{"rendered":"<div id=\"cs-content\" class=\"cs-content\"><\/div>\n","protected":false},"excerpt":{"rendered":"<p>R\u00f3lunk Az Ethermedia egy budapesti k\u00f6zpont\u00fa m\u00e1rka\u00e9p\u00edt\u00e9ssel foglalkoz\u00f3 budapesti v\u00e1llalkoz\u00e1s, amely t\u00f6bbek k\u00f6z\u00f6tt a webfejleszt\u00e9s, webdesign \u00e9s az online marketing \/ SEO ter\u00fclet\u00e9vel foglalkozik. A c\u00e9g alap\u00edt\u00e1s\u00e1n\u00e1l az volt a c\u00e9l, hogy egy olyan kreat\u00edv k\u00f6zeget hozzunk l\u00e9tre csapatunk tagjainak r\u00e9sz\u00e9re, amiben j\u00f3l \u00e9rzik magukat \u00e9s tudnak teljes\u00edteni, illetve m\u00e1s kreat\u00edv szakemberek sz\u00e1m\u00e1ra is vonz\u00f3 atmoszf\u00e9r\u00e1t biztos\u00edtsunk.A misszi\u00f3 \u00c9P\u00cdTSD A &#8230;<\/p>\n","protected":false},"author":1,"featured_media":0,"parent":0,"menu_order":0,"comment_status":"closed","ping_status":"closed","template":"template-blank-4.php","meta":{"footnotes":""},"class_list":["post-610","page","type-page","status-publish","hentry","no-post-thumbnail"],"yoast_head":"<!-- This site is optimized with the Yoast SEO plugin v25.8 - https:\/\/yoast.com\/wordpress\/plugins\/seo\/ -->\n<title>R\u00f3lunk - Ethermedia Webfejleszt\u0151 \u00fcgyn\u00f6ks\u00e9g | Magyarorsz\u00e1g<\/title>\n<meta name=\"description\" content=\"Az Ethermedia egy budapesti k\u00f6zpont\u00fa m\u00e1rka\u00e9p\u00edt\u00e9ssel foglalkoz\u00f3 budapesti v\u00e1llalkoz\u00e1s, amely t\u00f6bbek k\u00f6z\u00f6tt a webfejleszt\u00e9s, webdesign \u00e9s az online marketing \/ SEO ter\u00fclet\u00e9vel foglalkozik.\" \/>\n<meta name=\"robots\" content=\"index, follow, max-snippet:-1, max-image-preview:large, max-video-preview:-1\" \/>\n<link rel=\"canonical\" href=\"https:\/\/ethermedia.hu\/hu\/rolunk\/\" \/>\n<meta property=\"og:locale\" content=\"hu_HU\" \/>\n<meta property=\"og:type\" content=\"article\" \/>\n<meta property=\"og:title\" content=\"R\u00f3lunk - Ethermedia Webfejleszt\u0151 \u00fcgyn\u00f6ks\u00e9g | Magyarorsz\u00e1g\" \/>\n<meta property=\"og:description\" content=\"Az Ethermedia egy budapesti k\u00f6zpont\u00fa m\u00e1rka\u00e9p\u00edt\u00e9ssel foglalkoz\u00f3 budapesti v\u00e1llalkoz\u00e1s, amely t\u00f6bbek k\u00f6z\u00f6tt a webfejleszt\u00e9s, webdesign \u00e9s az online marketing \/ SEO ter\u00fclet\u00e9vel foglalkozik.\" \/>\n<meta property=\"og:url\" content=\"https:\/\/ethermedia.hu\/hu\/rolunk\/\" \/>\n<meta property=\"og:site_name\" content=\"Ethermedia Webfejleszt\u0151 \u00fcgyn\u00f6ks\u00e9g | Magyarorsz\u00e1g\" \/>\n<meta property=\"article:modified_time\" content=\"2020-06-26T07:39:20+00:00\" \/>\n<meta property=\"og:image\" content=\"https:\/\/ethermedia.hu\/wp-content\/uploads\/2020\/01\/ufobuild.png\" \/>\n<meta name=\"twitter:card\" content=\"summary_large_image\" \/>\n<meta name=\"twitter:label1\" content=\"Becs\u00fclt olvas\u00e1si id\u0151\" \/>\n\t<meta name=\"twitter:data1\" content=\"3 perc\" \/>\n<script type=\"application\/ld+json\" class=\"yoast-schema-graph\">{\"@context\":\"https:\/\/schema.org\",\"@graph\":[{\"@type\":\"WebPage\",\"@id\":\"https:\/\/ethermedia.hu\/hu\/rolunk\/\",\"url\":\"https:\/\/ethermedia.hu\/hu\/rolunk\/\",\"name\":\"R\u00f3lunk - Ethermedia Webfejleszt\u0151 \u00fcgyn\u00f6ks\u00e9g | Magyarorsz\u00e1g\",\"isPartOf\":{\"@id\":\"https:\/\/ethermedia.hu\/#website\"},\"primaryImageOfPage\":{\"@id\":\"https:\/\/ethermedia.hu\/hu\/rolunk\/#primaryimage\"},\"image\":{\"@id\":\"https:\/\/ethermedia.hu\/hu\/rolunk\/#primaryimage\"},\"thumbnailUrl\":\"https:\/\/ethermedia.hu\/wp-content\/uploads\/2020\/01\/ufobuild.png\",\"datePublished\":\"2018-02-15T09:12:03+00:00\",\"dateModified\":\"2020-06-26T07:39:20+00:00\",\"description\":\"Az Ethermedia egy budapesti k\u00f6zpont\u00fa m\u00e1rka\u00e9p\u00edt\u00e9ssel foglalkoz\u00f3 budapesti v\u00e1llalkoz\u00e1s, amely t\u00f6bbek k\u00f6z\u00f6tt a webfejleszt\u00e9s, webdesign \u00e9s az online marketing \/ SEO ter\u00fclet\u00e9vel foglalkozik.\",\"breadcrumb\":{\"@id\":\"https:\/\/ethermedia.hu\/hu\/rolunk\/#breadcrumb\"},\"inLanguage\":\"hu\",\"potentialAction\":[{\"@type\":\"ReadAction\",\"target\":[\"https:\/\/ethermedia.hu\/hu\/rolunk\/\"]}]},{\"@type\":\"ImageObject\",\"inLanguage\":\"hu\",\"@id\":\"https:\/\/ethermedia.hu\/hu\/rolunk\/#primaryimage\",\"url\":\"https:\/\/ethermedia.hu\/wp-content\/uploads\/2020\/01\/ufobuild.png\",\"contentUrl\":\"https:\/\/ethermedia.hu\/wp-content\/uploads\/2020\/01\/ufobuild.png\"},{\"@type\":\"BreadcrumbList\",\"@id\":\"https:\/\/ethermedia.hu\/hu\/rolunk\/#breadcrumb\",\"itemListElement\":[{\"@type\":\"ListItem\",\"position\":1,\"name\":\"Home\",\"item\":\"https:\/\/ethermedia.hu\/hu\/fooldal\/\"},{\"@type\":\"ListItem\",\"position\":2,\"name\":\"R\u00f3lunk\"}]},{\"@type\":\"WebSite\",\"@id\":\"https:\/\/ethermedia.hu\/#website\",\"url\":\"https:\/\/ethermedia.hu\/\",\"name\":\"Ethermedia Webfejleszt\u0151 \u00fcgyn\u00f6ks\u00e9g | Magyarorsz\u00e1g\",\"description\":\"Weboldalak, SEO, Online Marketing\",\"publisher\":{\"@id\":\"https:\/\/ethermedia.hu\/#organization\"},\"potentialAction\":[{\"@type\":\"SearchAction\",\"target\":{\"@type\":\"EntryPoint\",\"urlTemplate\":\"https:\/\/ethermedia.hu\/?s={search_term_string}\"},\"query-input\":{\"@type\":\"PropertyValueSpecification\",\"valueRequired\":true,\"valueName\":\"search_term_string\"}}],\"inLanguage\":\"hu\"},{\"@type\":\"Organization\",\"@id\":\"https:\/\/ethermedia.hu\/#organization\",\"name\":\"Ethermedia - Weboldal Tervez\u00e9s, SEO, Online Marketing\",\"url\":\"https:\/\/ethermedia.hu\/\",\"logo\":{\"@type\":\"ImageObject\",\"inLanguage\":\"hu\",\"@id\":\"https:\/\/ethermedia.hu\/#\/schema\/logo\/image\/\",\"url\":\"https:\/\/ethermedia.hu\/wp-content\/uploads\/2020\/05\/Logo-2-2-2.png\",\"contentUrl\":\"https:\/\/ethermedia.hu\/wp-content\/uploads\/2020\/05\/Logo-2-2-2.png\",\"width\":900,\"height\":700,\"caption\":\"Ethermedia - Weboldal Tervez\u00e9s, SEO, Online Marketing\"},\"image\":{\"@id\":\"https:\/\/ethermedia.hu\/#\/schema\/logo\/image\/\"}}]}<\/script>\n<!-- \/ Yoast SEO plugin. -->","yoast_head_json":{"title":"R\u00f3lunk - Ethermedia Webfejleszt\u0151 \u00fcgyn\u00f6ks\u00e9g | Magyarorsz\u00e1g","description":"Az Ethermedia egy budapesti k\u00f6zpont\u00fa m\u00e1rka\u00e9p\u00edt\u00e9ssel foglalkoz\u00f3 budapesti v\u00e1llalkoz\u00e1s, amely t\u00f6bbek k\u00f6z\u00f6tt a webfejleszt\u00e9s, webdesign \u00e9s az online marketing \/ SEO ter\u00fclet\u00e9vel foglalkozik.","robots":{"index":"index","follow":"follow","max-snippet":"max-snippet:-1","max-image-preview":"max-image-preview:large","max-video-preview":"max-video-preview:-1"},"canonical":"https:\/\/ethermedia.hu\/hu\/rolunk\/","og_locale":"hu_HU","og_type":"article","og_title":"R\u00f3lunk - Ethermedia Webfejleszt\u0151 \u00fcgyn\u00f6ks\u00e9g | Magyarorsz\u00e1g","og_description":"Az Ethermedia egy budapesti k\u00f6zpont\u00fa m\u00e1rka\u00e9p\u00edt\u00e9ssel foglalkoz\u00f3 budapesti v\u00e1llalkoz\u00e1s, amely t\u00f6bbek k\u00f6z\u00f6tt a webfejleszt\u00e9s, webdesign \u00e9s az online marketing \/ SEO ter\u00fclet\u00e9vel foglalkozik.","og_url":"https:\/\/ethermedia.hu\/hu\/rolunk\/","og_site_name":"Ethermedia Webfejleszt\u0151 \u00fcgyn\u00f6ks\u00e9g | Magyarorsz\u00e1g","article_modified_time":"2020-06-26T07:39:20+00:00","og_image":[{"url":"https:\/\/ethermedia.hu\/wp-content\/uploads\/2020\/01\/ufobuild.png","type":"","width":"","height":""}],"twitter_card":"summary_large_image","twitter_misc":{"Becs\u00fclt olvas\u00e1si id\u0151":"3 perc"},"schema":{"@context":"https:\/\/schema.org","@graph":[{"@type":"WebPage","@id":"https:\/\/ethermedia.hu\/hu\/rolunk\/","url":"https:\/\/ethermedia.hu\/hu\/rolunk\/","name":"R\u00f3lunk - Ethermedia Webfejleszt\u0151 \u00fcgyn\u00f6ks\u00e9g | Magyarorsz\u00e1g","isPartOf":{"@id":"https:\/\/ethermedia.hu\/#website"},"primaryImageOfPage":{"@id":"https:\/\/ethermedia.hu\/hu\/rolunk\/#primaryimage"},"image":{"@id":"https:\/\/ethermedia.hu\/hu\/rolunk\/#primaryimage"},"thumbnailUrl":"https:\/\/ethermedia.hu\/wp-content\/uploads\/2020\/01\/ufobuild.png","datePublished":"2018-02-15T09:12:03+00:00","dateModified":"2020-06-26T07:39:20+00:00","description":"Az Ethermedia egy budapesti k\u00f6zpont\u00fa m\u00e1rka\u00e9p\u00edt\u00e9ssel foglalkoz\u00f3 budapesti v\u00e1llalkoz\u00e1s, amely t\u00f6bbek k\u00f6z\u00f6tt a webfejleszt\u00e9s, webdesign \u00e9s az online marketing \/ SEO ter\u00fclet\u00e9vel foglalkozik.","breadcrumb":{"@id":"https:\/\/ethermedia.hu\/hu\/rolunk\/#breadcrumb"},"inLanguage":"hu","potentialAction":[{"@type":"ReadAction","target":["https:\/\/ethermedia.hu\/hu\/rolunk\/"]}]},{"@type":"ImageObject","inLanguage":"hu","@id":"https:\/\/ethermedia.hu\/hu\/rolunk\/#primaryimage","url":"https:\/\/ethermedia.hu\/wp-content\/uploads\/2020\/01\/ufobuild.png","contentUrl":"https:\/\/ethermedia.hu\/wp-content\/uploads\/2020\/01\/ufobuild.png"},{"@type":"BreadcrumbList","@id":"https:\/\/ethermedia.hu\/hu\/rolunk\/#breadcrumb","itemListElement":[{"@type":"ListItem","position":1,"name":"Home","item":"https:\/\/ethermedia.hu\/hu\/fooldal\/"},{"@type":"ListItem","position":2,"name":"R\u00f3lunk"}]},{"@type":"WebSite","@id":"https:\/\/ethermedia.hu\/#website","url":"https:\/\/ethermedia.hu\/","name":"Ethermedia Webfejleszt\u0151 \u00fcgyn\u00f6ks\u00e9g | Magyarorsz\u00e1g","description":"Weboldalak, SEO, Online Marketing","publisher":{"@id":"https:\/\/ethermedia.hu\/#organization"},"potentialAction":[{"@type":"SearchAction","target":{"@type":"EntryPoint","urlTemplate":"https:\/\/ethermedia.hu\/?s={search_term_string}"},"query-input":{"@type":"PropertyValueSpecification","valueRequired":true,"valueName":"search_term_string"}}],"inLanguage":"hu"},{"@type":"Organization","@id":"https:\/\/ethermedia.hu\/#organization","name":"Ethermedia - Weboldal Tervez\u00e9s, SEO, Online Marketing","url":"https:\/\/ethermedia.hu\/","logo":{"@type":"ImageObject","inLanguage":"hu","@id":"https:\/\/ethermedia.hu\/#\/schema\/logo\/image\/","url":"https:\/\/ethermedia.hu\/wp-content\/uploads\/2020\/05\/Logo-2-2-2.png","contentUrl":"https:\/\/ethermedia.hu\/wp-content\/uploads\/2020\/05\/Logo-2-2-2.png","width":900,"height":700,"caption":"Ethermedia - Weboldal Tervez\u00e9s, SEO, Online Marketing"},"image":{"@id":"https:\/\/ethermedia.hu\/#\/schema\/logo\/image\/"}}]}},"_links":{"self":[{"href":"https:\/\/ethermedia.hu\/hu\/wp-json\/wp\/v2\/pages\/610","targetHints":{"allow":["GET"]}}],"collection":[{"href":"https:\/\/ethermedia.hu\/hu\/wp-json\/wp\/v2\/pages"}],"about":[{"href":"https:\/\/ethermedia.hu\/hu\/wp-json\/wp\/v2\/types\/page"}],"author":[{"embeddable":true,"href":"https:\/\/ethermedia.hu\/hu\/wp-json\/wp\/v2\/users\/1"}],"replies":[{"embeddable":true,"href":"https:\/\/ethermedia.hu\/hu\/wp-json\/wp\/v2\/comments?post=610"}],"version-history":[{"count":0,"href":"https:\/\/ethermedia.hu\/hu\/wp-json\/wp\/v2\/pages\/610\/revisions"}],"wp:attachment":[{"href":"https:\/\/ethermedia.hu\/hu\/wp-json\/wp\/v2\/media?parent=610"}],"curies":[{"name":"wp","href":"https:\/\/api.w.org\/{rel}","templated":true}]}}