{"id":614,"date":"2018-02-15T09:12:16","date_gmt":"2018-02-15T09:12:16","guid":{"rendered":"https:\/\/ethermedia.hu\/contact-us\/"},"modified":"2020-06-26T07:35:53","modified_gmt":"2020-06-26T07:35:53","slug":"kapcsolat","status":"publish","type":"page","link":"https:\/\/ethermedia.hu\/hu\/kapcsolat\/","title":{"rendered":"Kapcsolat"},"content":{"rendered":"<div id=\"cs-content\" class=\"cs-content\"><\/div>\n","protected":false},"excerpt":{"rendered":"<p>&#916; Address: Office: 1136 Budapest, Holl\u00e1n Ern\u0151 utca 21\/b HungaryAddress: Office: 1136 Budapest, Holl\u00e1n Ern\u0151 utca 21\/b Hungary<\/p>\n","protected":false},"author":1,"featured_media":0,"parent":0,"menu_order":0,"comment_status":"closed","ping_status":"closed","template":"template-blank-4.php","meta":{"footnotes":""},"class_list":["post-614","page","type-page","status-publish","hentry","no-post-thumbnail"],"yoast_head":"<!-- This site is optimized with the Yoast SEO plugin v25.8 - https:\/\/yoast.com\/wordpress\/plugins\/seo\/ -->\n<title>Kapcsolat - Ethermedia Webfejleszt\u0151 \u00fcgyn\u00f6ks\u00e9g | Magyarorsz\u00e1g<\/title>\n<meta name=\"description\" content=\"Ha b\u00e1rmelyik szolg\u00e1ltat\u00e1sunkkal kapcsolatban k\u00e9rd\u00e9se mer\u00fclne fel, k\u00e9rem keressen minket a info@ethermedia.hu email c\u00edmen. K\u00f6sz\u00f6nj\u00fck \u00e9rdekl\u0151d\u00e9s\u00e9t!\" \/>\n<meta name=\"robots\" content=\"index, follow, max-snippet:-1, max-image-preview:large, max-video-preview:-1\" \/>\n<link rel=\"canonical\" href=\"https:\/\/ethermedia.hu\/hu\/kapcsolat\/\" \/>\n<meta property=\"og:locale\" content=\"hu_HU\" \/>\n<meta property=\"og:type\" content=\"article\" \/>\n<meta property=\"og:title\" content=\"Kapcsolat - Ethermedia Webfejleszt\u0151 \u00fcgyn\u00f6ks\u00e9g | Magyarorsz\u00e1g\" \/>\n<meta property=\"og:description\" content=\"Ha b\u00e1rmelyik szolg\u00e1ltat\u00e1sunkkal kapcsolatban k\u00e9rd\u00e9se mer\u00fclne fel, k\u00e9rem keressen minket a info@ethermedia.hu email c\u00edmen. K\u00f6sz\u00f6nj\u00fck \u00e9rdekl\u0151d\u00e9s\u00e9t!\" \/>\n<meta property=\"og:url\" content=\"https:\/\/ethermedia.hu\/hu\/kapcsolat\/\" \/>\n<meta property=\"og:site_name\" content=\"Ethermedia Webfejleszt\u0151 \u00fcgyn\u00f6ks\u00e9g | Magyarorsz\u00e1g\" \/>\n<meta property=\"article:modified_time\" content=\"2020-06-26T07:35:53+00:00\" \/>\n<meta property=\"og:image\" content=\"https:\/\/ethermedia.hu\/wp-content\/uploads\/2020\/01\/Logo-2-23.png\" \/>\n<meta name=\"twitter:card\" content=\"summary_large_image\" \/>\n<script type=\"application\/ld+json\" class=\"yoast-schema-graph\">{\"@context\":\"https:\/\/schema.org\",\"@graph\":[{\"@type\":\"WebPage\",\"@id\":\"https:\/\/ethermedia.hu\/hu\/kapcsolat\/\",\"url\":\"https:\/\/ethermedia.hu\/hu\/kapcsolat\/\",\"name\":\"Kapcsolat - Ethermedia Webfejleszt\u0151 \u00fcgyn\u00f6ks\u00e9g | Magyarorsz\u00e1g\",\"isPartOf\":{\"@id\":\"https:\/\/ethermedia.hu\/#website\"},\"primaryImageOfPage\":{\"@id\":\"https:\/\/ethermedia.hu\/hu\/kapcsolat\/#primaryimage\"},\"image\":{\"@id\":\"https:\/\/ethermedia.hu\/hu\/kapcsolat\/#primaryimage\"},\"thumbnailUrl\":\"https:\/\/ethermedia.hu\/wp-content\/uploads\/2020\/01\/Logo-2-23.png\",\"datePublished\":\"2018-02-15T09:12:16+00:00\",\"dateModified\":\"2020-06-26T07:35:53+00:00\",\"description\":\"Ha b\u00e1rmelyik szolg\u00e1ltat\u00e1sunkkal kapcsolatban k\u00e9rd\u00e9se mer\u00fclne fel, k\u00e9rem keressen minket a info@ethermedia.hu email c\u00edmen. K\u00f6sz\u00f6nj\u00fck \u00e9rdekl\u0151d\u00e9s\u00e9t!\",\"breadcrumb\":{\"@id\":\"https:\/\/ethermedia.hu\/hu\/kapcsolat\/#breadcrumb\"},\"inLanguage\":\"hu\",\"potentialAction\":[{\"@type\":\"ReadAction\",\"target\":[\"https:\/\/ethermedia.hu\/hu\/kapcsolat\/\"]}]},{\"@type\":\"ImageObject\",\"inLanguage\":\"hu\",\"@id\":\"https:\/\/ethermedia.hu\/hu\/kapcsolat\/#primaryimage\",\"url\":\"https:\/\/ethermedia.hu\/wp-content\/uploads\/2020\/01\/Logo-2-23.png\",\"contentUrl\":\"https:\/\/ethermedia.hu\/wp-content\/uploads\/2020\/01\/Logo-2-23.png\"},{\"@type\":\"BreadcrumbList\",\"@id\":\"https:\/\/ethermedia.hu\/hu\/kapcsolat\/#breadcrumb\",\"itemListElement\":[{\"@type\":\"ListItem\",\"position\":1,\"name\":\"Home\",\"item\":\"https:\/\/ethermedia.hu\/hu\/fooldal\/\"},{\"@type\":\"ListItem\",\"position\":2,\"name\":\"Kapcsolat\"}]},{\"@type\":\"WebSite\",\"@id\":\"https:\/\/ethermedia.hu\/#website\",\"url\":\"https:\/\/ethermedia.hu\/\",\"name\":\"Ethermedia Webfejleszt\u0151 \u00fcgyn\u00f6ks\u00e9g | Magyarorsz\u00e1g\",\"description\":\"Weboldalak, SEO, Online Marketing\",\"publisher\":{\"@id\":\"https:\/\/ethermedia.hu\/#organization\"},\"potentialAction\":[{\"@type\":\"SearchAction\",\"target\":{\"@type\":\"EntryPoint\",\"urlTemplate\":\"https:\/\/ethermedia.hu\/?s={search_term_string}\"},\"query-input\":{\"@type\":\"PropertyValueSpecification\",\"valueRequired\":true,\"valueName\":\"search_term_string\"}}],\"inLanguage\":\"hu\"},{\"@type\":\"Organization\",\"@id\":\"https:\/\/ethermedia.hu\/#organization\",\"name\":\"Ethermedia - Weboldal Tervez\u00e9s, SEO, Online Marketing\",\"url\":\"https:\/\/ethermedia.hu\/\",\"logo\":{\"@type\":\"ImageObject\",\"inLanguage\":\"hu\",\"@id\":\"https:\/\/ethermedia.hu\/#\/schema\/logo\/image\/\",\"url\":\"https:\/\/ethermedia.hu\/wp-content\/uploads\/2020\/05\/Logo-2-2-2.png\",\"contentUrl\":\"https:\/\/ethermedia.hu\/wp-content\/uploads\/2020\/05\/Logo-2-2-2.png\",\"width\":900,\"height\":700,\"caption\":\"Ethermedia - Weboldal Tervez\u00e9s, SEO, Online Marketing\"},\"image\":{\"@id\":\"https:\/\/ethermedia.hu\/#\/schema\/logo\/image\/\"}}]}<\/script>\n<!-- \/ Yoast SEO plugin. -->","yoast_head_json":{"title":"Kapcsolat - Ethermedia Webfejleszt\u0151 \u00fcgyn\u00f6ks\u00e9g | Magyarorsz\u00e1g","description":"Ha b\u00e1rmelyik szolg\u00e1ltat\u00e1sunkkal kapcsolatban k\u00e9rd\u00e9se mer\u00fclne fel, k\u00e9rem keressen minket a info@ethermedia.hu email c\u00edmen. K\u00f6sz\u00f6nj\u00fck \u00e9rdekl\u0151d\u00e9s\u00e9t!","robots":{"index":"index","follow":"follow","max-snippet":"max-snippet:-1","max-image-preview":"max-image-preview:large","max-video-preview":"max-video-preview:-1"},"canonical":"https:\/\/ethermedia.hu\/hu\/kapcsolat\/","og_locale":"hu_HU","og_type":"article","og_title":"Kapcsolat - Ethermedia Webfejleszt\u0151 \u00fcgyn\u00f6ks\u00e9g | Magyarorsz\u00e1g","og_description":"Ha b\u00e1rmelyik szolg\u00e1ltat\u00e1sunkkal kapcsolatban k\u00e9rd\u00e9se mer\u00fclne fel, k\u00e9rem keressen minket a info@ethermedia.hu email c\u00edmen. K\u00f6sz\u00f6nj\u00fck \u00e9rdekl\u0151d\u00e9s\u00e9t!","og_url":"https:\/\/ethermedia.hu\/hu\/kapcsolat\/","og_site_name":"Ethermedia Webfejleszt\u0151 \u00fcgyn\u00f6ks\u00e9g | Magyarorsz\u00e1g","article_modified_time":"2020-06-26T07:35:53+00:00","og_image":[{"url":"https:\/\/ethermedia.hu\/wp-content\/uploads\/2020\/01\/Logo-2-23.png","type":"","width":"","height":""}],"twitter_card":"summary_large_image","schema":{"@context":"https:\/\/schema.org","@graph":[{"@type":"WebPage","@id":"https:\/\/ethermedia.hu\/hu\/kapcsolat\/","url":"https:\/\/ethermedia.hu\/hu\/kapcsolat\/","name":"Kapcsolat - Ethermedia Webfejleszt\u0151 \u00fcgyn\u00f6ks\u00e9g | Magyarorsz\u00e1g","isPartOf":{"@id":"https:\/\/ethermedia.hu\/#website"},"primaryImageOfPage":{"@id":"https:\/\/ethermedia.hu\/hu\/kapcsolat\/#primaryimage"},"image":{"@id":"https:\/\/ethermedia.hu\/hu\/kapcsolat\/#primaryimage"},"thumbnailUrl":"https:\/\/ethermedia.hu\/wp-content\/uploads\/2020\/01\/Logo-2-23.png","datePublished":"2018-02-15T09:12:16+00:00","dateModified":"2020-06-26T07:35:53+00:00","description":"Ha b\u00e1rmelyik szolg\u00e1ltat\u00e1sunkkal kapcsolatban k\u00e9rd\u00e9se mer\u00fclne fel, k\u00e9rem keressen minket a info@ethermedia.hu email c\u00edmen. K\u00f6sz\u00f6nj\u00fck \u00e9rdekl\u0151d\u00e9s\u00e9t!","breadcrumb":{"@id":"https:\/\/ethermedia.hu\/hu\/kapcsolat\/#breadcrumb"},"inLanguage":"hu","potentialAction":[{"@type":"ReadAction","target":["https:\/\/ethermedia.hu\/hu\/kapcsolat\/"]}]},{"@type":"ImageObject","inLanguage":"hu","@id":"https:\/\/ethermedia.hu\/hu\/kapcsolat\/#primaryimage","url":"https:\/\/ethermedia.hu\/wp-content\/uploads\/2020\/01\/Logo-2-23.png","contentUrl":"https:\/\/ethermedia.hu\/wp-content\/uploads\/2020\/01\/Logo-2-23.png"},{"@type":"BreadcrumbList","@id":"https:\/\/ethermedia.hu\/hu\/kapcsolat\/#breadcrumb","itemListElement":[{"@type":"ListItem","position":1,"name":"Home","item":"https:\/\/ethermedia.hu\/hu\/fooldal\/"},{"@type":"ListItem","position":2,"name":"Kapcsolat"}]},{"@type":"WebSite","@id":"https:\/\/ethermedia.hu\/#website","url":"https:\/\/ethermedia.hu\/","name":"Ethermedia Webfejleszt\u0151 \u00fcgyn\u00f6ks\u00e9g | Magyarorsz\u00e1g","description":"Weboldalak, SEO, Online Marketing","publisher":{"@id":"https:\/\/ethermedia.hu\/#organization"},"potentialAction":[{"@type":"SearchAction","target":{"@type":"EntryPoint","urlTemplate":"https:\/\/ethermedia.hu\/?s={search_term_string}"},"query-input":{"@type":"PropertyValueSpecification","valueRequired":true,"valueName":"search_term_string"}}],"inLanguage":"hu"},{"@type":"Organization","@id":"https:\/\/ethermedia.hu\/#organization","name":"Ethermedia - Weboldal Tervez\u00e9s, SEO, Online Marketing","url":"https:\/\/ethermedia.hu\/","logo":{"@type":"ImageObject","inLanguage":"hu","@id":"https:\/\/ethermedia.hu\/#\/schema\/logo\/image\/","url":"https:\/\/ethermedia.hu\/wp-content\/uploads\/2020\/05\/Logo-2-2-2.png","contentUrl":"https:\/\/ethermedia.hu\/wp-content\/uploads\/2020\/05\/Logo-2-2-2.png","width":900,"height":700,"caption":"Ethermedia - Weboldal Tervez\u00e9s, SEO, Online Marketing"},"image":{"@id":"https:\/\/ethermedia.hu\/#\/schema\/logo\/image\/"}}]}},"_links":{"self":[{"href":"https:\/\/ethermedia.hu\/hu\/wp-json\/wp\/v2\/pages\/614","targetHints":{"allow":["GET"]}}],"collection":[{"href":"https:\/\/ethermedia.hu\/hu\/wp-json\/wp\/v2\/pages"}],"about":[{"href":"https:\/\/ethermedia.hu\/hu\/wp-json\/wp\/v2\/types\/page"}],"author":[{"embeddable":true,"href":"https:\/\/ethermedia.hu\/hu\/wp-json\/wp\/v2\/users\/1"}],"replies":[{"embeddable":true,"href":"https:\/\/ethermedia.hu\/hu\/wp-json\/wp\/v2\/comments?post=614"}],"version-history":[{"count":0,"href":"https:\/\/ethermedia.hu\/hu\/wp-json\/wp\/v2\/pages\/614\/revisions"}],"wp:attachment":[{"href":"https:\/\/ethermedia.hu\/hu\/wp-json\/wp\/v2\/media?parent=614"}],"curies":[{"name":"wp","href":"https:\/\/api.w.org\/{rel}","templated":true}]}}