{"id":647,"date":"2018-09-14T11:49:01","date_gmt":"2018-09-14T11:49:01","guid":{"rendered":"https:\/\/ethermedia.hu\/gilvesy-pinceszet\/"},"modified":"2020-05-06T16:05:07","modified_gmt":"2020-05-06T16:05:07","slug":"gilvesy-pinceszet","status":"publish","type":"page","link":"https:\/\/ethermedia.hu\/hu\/gilvesy-pinceszet\/","title":{"rendered":"GILVESY PINC\u00c9SZET"},"content":{"rendered":"<div id=\"cs-content\" class=\"cs-content\"><\/div>\n","protected":false},"excerpt":{"rendered":"<p>Gilvesy Winery Szent Gy\u00f6rgy Mountain Project Type: E-commerce Weboldal Project Duration: 2017 &#8211; Ongoing Weboldal megtekint\u00e9seVissza a referenci\u00e1khoz &nbsp;Gilvesy Winery Project Type: E-commerce Weboldal Project Duration: 2017 &#8211; 2019 Weboldal megtekint\u00e9seVissza a referenci\u00e1khoz<\/p>\n","protected":false},"author":1,"featured_media":687,"parent":0,"menu_order":0,"comment_status":"closed","ping_status":"closed","template":"template-blank-4.php","meta":{"footnotes":""},"class_list":["post-647","page","type-page","status-publish","has-post-thumbnail","hentry"],"yoast_head":"<!-- This site is optimized with the Yoast SEO plugin v25.8 - https:\/\/yoast.com\/wordpress\/plugins\/seo\/ -->\n<title>GILVESY PINC\u00c9SZET - Ethermedia Webfejleszt\u0151 \u00fcgyn\u00f6ks\u00e9g | Magyarorsz\u00e1g<\/title>\n<meta name=\"robots\" content=\"index, follow, max-snippet:-1, max-image-preview:large, max-video-preview:-1\" \/>\n<link rel=\"canonical\" href=\"https:\/\/ethermedia.hu\/hu\/gilvesy-pinceszet\/\" \/>\n<meta property=\"og:locale\" content=\"hu_HU\" \/>\n<meta property=\"og:type\" content=\"article\" \/>\n<meta property=\"og:title\" content=\"GILVESY PINC\u00c9SZET - Ethermedia Webfejleszt\u0151 \u00fcgyn\u00f6ks\u00e9g | Magyarorsz\u00e1g\" \/>\n<meta property=\"og:description\" content=\"Gilvesy Winery Szent Gy\u00f6rgy Mountain Project Type: E-commerce Weboldal Project Duration: 2017 - Ongoing Weboldal megtekint\u00e9seVissza a referenci\u00e1khoz &nbsp;Gilvesy Winery Project Type: E-commerce Weboldal Project Duration: 2017 - 2019 Weboldal megtekint\u00e9seVissza a referenci\u00e1khoz\" \/>\n<meta property=\"og:url\" content=\"https:\/\/ethermedia.hu\/hu\/gilvesy-pinceszet\/\" \/>\n<meta property=\"og:site_name\" content=\"Ethermedia Webfejleszt\u0151 \u00fcgyn\u00f6ks\u00e9g | Magyarorsz\u00e1g\" \/>\n<meta property=\"article:modified_time\" content=\"2020-05-06T16:05:07+00:00\" \/>\n<meta property=\"og:image\" content=\"https:\/\/ethermedia.hu\/wp-content\/uploads\/2018\/10\/gpbg.jpg\" \/>\n\t<meta property=\"og:image:width\" content=\"2782\" \/>\n\t<meta property=\"og:image:height\" content=\"900\" \/>\n\t<meta property=\"og:image:type\" content=\"image\/jpeg\" \/>\n<meta name=\"twitter:card\" content=\"summary_large_image\" \/>\n<meta name=\"twitter:label1\" content=\"Becs\u00fclt olvas\u00e1si id\u0151\" \/>\n\t<meta name=\"twitter:data1\" content=\"1 perc\" \/>\n<script type=\"application\/ld+json\" class=\"yoast-schema-graph\">{\"@context\":\"https:\/\/schema.org\",\"@graph\":[{\"@type\":\"WebPage\",\"@id\":\"https:\/\/ethermedia.hu\/hu\/gilvesy-pinceszet\/\",\"url\":\"https:\/\/ethermedia.hu\/hu\/gilvesy-pinceszet\/\",\"name\":\"GILVESY PINC\u00c9SZET - Ethermedia Webfejleszt\u0151 \u00fcgyn\u00f6ks\u00e9g | Magyarorsz\u00e1g\",\"isPartOf\":{\"@id\":\"https:\/\/ethermedia.hu\/#website\"},\"primaryImageOfPage\":{\"@id\":\"https:\/\/ethermedia.hu\/hu\/gilvesy-pinceszet\/#primaryimage\"},\"image\":{\"@id\":\"https:\/\/ethermedia.hu\/hu\/gilvesy-pinceszet\/#primaryimage\"},\"thumbnailUrl\":\"https:\/\/ethermedia.hu\/wp-content\/uploads\/2018\/10\/gpbg.jpg\",\"datePublished\":\"2018-09-14T11:49:01+00:00\",\"dateModified\":\"2020-05-06T16:05:07+00:00\",\"breadcrumb\":{\"@id\":\"https:\/\/ethermedia.hu\/hu\/gilvesy-pinceszet\/#breadcrumb\"},\"inLanguage\":\"hu\",\"potentialAction\":[{\"@type\":\"ReadAction\",\"target\":[\"https:\/\/ethermedia.hu\/hu\/gilvesy-pinceszet\/\"]}]},{\"@type\":\"ImageObject\",\"inLanguage\":\"hu\",\"@id\":\"https:\/\/ethermedia.hu\/hu\/gilvesy-pinceszet\/#primaryimage\",\"url\":\"https:\/\/ethermedia.hu\/wp-content\/uploads\/2018\/10\/gpbg.jpg\",\"contentUrl\":\"https:\/\/ethermedia.hu\/wp-content\/uploads\/2018\/10\/gpbg.jpg\",\"width\":2782,\"height\":900},{\"@type\":\"BreadcrumbList\",\"@id\":\"https:\/\/ethermedia.hu\/hu\/gilvesy-pinceszet\/#breadcrumb\",\"itemListElement\":[{\"@type\":\"ListItem\",\"position\":1,\"name\":\"Home\",\"item\":\"https:\/\/ethermedia.hu\/hu\/fooldal\/\"},{\"@type\":\"ListItem\",\"position\":2,\"name\":\"GILVESY PINC\u00c9SZET\"}]},{\"@type\":\"WebSite\",\"@id\":\"https:\/\/ethermedia.hu\/#website\",\"url\":\"https:\/\/ethermedia.hu\/\",\"name\":\"Ethermedia Webfejleszt\u0151 \u00fcgyn\u00f6ks\u00e9g | Magyarorsz\u00e1g\",\"description\":\"Weboldalak, SEO, Online Marketing\",\"publisher\":{\"@id\":\"https:\/\/ethermedia.hu\/#organization\"},\"potentialAction\":[{\"@type\":\"SearchAction\",\"target\":{\"@type\":\"EntryPoint\",\"urlTemplate\":\"https:\/\/ethermedia.hu\/?s={search_term_string}\"},\"query-input\":{\"@type\":\"PropertyValueSpecification\",\"valueRequired\":true,\"valueName\":\"search_term_string\"}}],\"inLanguage\":\"hu\"},{\"@type\":\"Organization\",\"@id\":\"https:\/\/ethermedia.hu\/#organization\",\"name\":\"Ethermedia - Weboldal Tervez\u00e9s, SEO, Online Marketing\",\"url\":\"https:\/\/ethermedia.hu\/\",\"logo\":{\"@type\":\"ImageObject\",\"inLanguage\":\"hu\",\"@id\":\"https:\/\/ethermedia.hu\/#\/schema\/logo\/image\/\",\"url\":\"https:\/\/ethermedia.hu\/wp-content\/uploads\/2020\/05\/Logo-2-2-2.png\",\"contentUrl\":\"https:\/\/ethermedia.hu\/wp-content\/uploads\/2020\/05\/Logo-2-2-2.png\",\"width\":900,\"height\":700,\"caption\":\"Ethermedia - Weboldal Tervez\u00e9s, SEO, Online Marketing\"},\"image\":{\"@id\":\"https:\/\/ethermedia.hu\/#\/schema\/logo\/image\/\"}}]}<\/script>\n<!-- \/ Yoast SEO plugin. -->","yoast_head_json":{"title":"GILVESY PINC\u00c9SZET - Ethermedia Webfejleszt\u0151 \u00fcgyn\u00f6ks\u00e9g | Magyarorsz\u00e1g","robots":{"index":"index","follow":"follow","max-snippet":"max-snippet:-1","max-image-preview":"max-image-preview:large","max-video-preview":"max-video-preview:-1"},"canonical":"https:\/\/ethermedia.hu\/hu\/gilvesy-pinceszet\/","og_locale":"hu_HU","og_type":"article","og_title":"GILVESY PINC\u00c9SZET - Ethermedia Webfejleszt\u0151 \u00fcgyn\u00f6ks\u00e9g | Magyarorsz\u00e1g","og_description":"Gilvesy Winery Szent Gy\u00f6rgy Mountain Project Type: E-commerce Weboldal Project Duration: 2017 - Ongoing Weboldal megtekint\u00e9seVissza a referenci\u00e1khoz &nbsp;Gilvesy Winery Project Type: E-commerce Weboldal Project Duration: 2017 - 2019 Weboldal megtekint\u00e9seVissza a referenci\u00e1khoz","og_url":"https:\/\/ethermedia.hu\/hu\/gilvesy-pinceszet\/","og_site_name":"Ethermedia Webfejleszt\u0151 \u00fcgyn\u00f6ks\u00e9g | Magyarorsz\u00e1g","article_modified_time":"2020-05-06T16:05:07+00:00","og_image":[{"width":2782,"height":900,"url":"https:\/\/ethermedia.hu\/wp-content\/uploads\/2018\/10\/gpbg.jpg","type":"image\/jpeg"}],"twitter_card":"summary_large_image","twitter_misc":{"Becs\u00fclt olvas\u00e1si id\u0151":"1 perc"},"schema":{"@context":"https:\/\/schema.org","@graph":[{"@type":"WebPage","@id":"https:\/\/ethermedia.hu\/hu\/gilvesy-pinceszet\/","url":"https:\/\/ethermedia.hu\/hu\/gilvesy-pinceszet\/","name":"GILVESY PINC\u00c9SZET - Ethermedia Webfejleszt\u0151 \u00fcgyn\u00f6ks\u00e9g | Magyarorsz\u00e1g","isPartOf":{"@id":"https:\/\/ethermedia.hu\/#website"},"primaryImageOfPage":{"@id":"https:\/\/ethermedia.hu\/hu\/gilvesy-pinceszet\/#primaryimage"},"image":{"@id":"https:\/\/ethermedia.hu\/hu\/gilvesy-pinceszet\/#primaryimage"},"thumbnailUrl":"https:\/\/ethermedia.hu\/wp-content\/uploads\/2018\/10\/gpbg.jpg","datePublished":"2018-09-14T11:49:01+00:00","dateModified":"2020-05-06T16:05:07+00:00","breadcrumb":{"@id":"https:\/\/ethermedia.hu\/hu\/gilvesy-pinceszet\/#breadcrumb"},"inLanguage":"hu","potentialAction":[{"@type":"ReadAction","target":["https:\/\/ethermedia.hu\/hu\/gilvesy-pinceszet\/"]}]},{"@type":"ImageObject","inLanguage":"hu","@id":"https:\/\/ethermedia.hu\/hu\/gilvesy-pinceszet\/#primaryimage","url":"https:\/\/ethermedia.hu\/wp-content\/uploads\/2018\/10\/gpbg.jpg","contentUrl":"https:\/\/ethermedia.hu\/wp-content\/uploads\/2018\/10\/gpbg.jpg","width":2782,"height":900},{"@type":"BreadcrumbList","@id":"https:\/\/ethermedia.hu\/hu\/gilvesy-pinceszet\/#breadcrumb","itemListElement":[{"@type":"ListItem","position":1,"name":"Home","item":"https:\/\/ethermedia.hu\/hu\/fooldal\/"},{"@type":"ListItem","position":2,"name":"GILVESY PINC\u00c9SZET"}]},{"@type":"WebSite","@id":"https:\/\/ethermedia.hu\/#website","url":"https:\/\/ethermedia.hu\/","name":"Ethermedia Webfejleszt\u0151 \u00fcgyn\u00f6ks\u00e9g | Magyarorsz\u00e1g","description":"Weboldalak, SEO, Online Marketing","publisher":{"@id":"https:\/\/ethermedia.hu\/#organization"},"potentialAction":[{"@type":"SearchAction","target":{"@type":"EntryPoint","urlTemplate":"https:\/\/ethermedia.hu\/?s={search_term_string}"},"query-input":{"@type":"PropertyValueSpecification","valueRequired":true,"valueName":"search_term_string"}}],"inLanguage":"hu"},{"@type":"Organization","@id":"https:\/\/ethermedia.hu\/#organization","name":"Ethermedia - Weboldal Tervez\u00e9s, SEO, Online Marketing","url":"https:\/\/ethermedia.hu\/","logo":{"@type":"ImageObject","inLanguage":"hu","@id":"https:\/\/ethermedia.hu\/#\/schema\/logo\/image\/","url":"https:\/\/ethermedia.hu\/wp-content\/uploads\/2020\/05\/Logo-2-2-2.png","contentUrl":"https:\/\/ethermedia.hu\/wp-content\/uploads\/2020\/05\/Logo-2-2-2.png","width":900,"height":700,"caption":"Ethermedia - Weboldal Tervez\u00e9s, SEO, Online Marketing"},"image":{"@id":"https:\/\/ethermedia.hu\/#\/schema\/logo\/image\/"}}]}},"_links":{"self":[{"href":"https:\/\/ethermedia.hu\/hu\/wp-json\/wp\/v2\/pages\/647","targetHints":{"allow":["GET"]}}],"collection":[{"href":"https:\/\/ethermedia.hu\/hu\/wp-json\/wp\/v2\/pages"}],"about":[{"href":"https:\/\/ethermedia.hu\/hu\/wp-json\/wp\/v2\/types\/page"}],"author":[{"embeddable":true,"href":"https:\/\/ethermedia.hu\/hu\/wp-json\/wp\/v2\/users\/1"}],"replies":[{"embeddable":true,"href":"https:\/\/ethermedia.hu\/hu\/wp-json\/wp\/v2\/comments?post=647"}],"version-history":[{"count":0,"href":"https:\/\/ethermedia.hu\/hu\/wp-json\/wp\/v2\/pages\/647\/revisions"}],"wp:featuredmedia":[{"embeddable":true,"href":"https:\/\/ethermedia.hu\/hu\/wp-json\/wp\/v2\/media\/687"}],"wp:attachment":[{"href":"https:\/\/ethermedia.hu\/hu\/wp-json\/wp\/v2\/media?parent=647"}],"curies":[{"name":"wp","href":"https:\/\/api.w.org\/{rel}","templated":true}]}}