{"id":674,"date":"2018-10-17T13:50:43","date_gmt":"2018-10-17T13:50:43","guid":{"rendered":"https:\/\/ethermedia.hu\/musicdental\/"},"modified":"2020-05-06T16:00:05","modified_gmt":"2020-05-06T16:00:05","slug":"musicdental","status":"publish","type":"page","link":"https:\/\/ethermedia.hu\/hu\/musicdental\/","title":{"rendered":"MusicDental"},"content":{"rendered":"<div id=\"cs-content\" class=\"cs-content\"><\/div>\n","protected":false},"excerpt":{"rendered":"<p>MusicDental Dental Practice Project Type: Weboldal fejleszt\u00e9s, Adwords Kamp\u00e1ny, Facebook kamp\u00e1ny Project Duration: 2016 &#8211; Ongoing Weboldal megtekint\u00e9seVissza a referenci\u00e1khoz &nbsp;Musicdental Project Type: Weboldal fejleszt\u00e9s, Adwords Kamp\u00e1ny, Facebook kamp\u00e1ny Project Duration: 2016 &#8211; Ongoing Weboldal megtekint\u00e9seVissza a referenci\u00e1khoz<\/p>\n","protected":false},"author":1,"featured_media":705,"parent":0,"menu_order":0,"comment_status":"closed","ping_status":"closed","template":"template-blank-4.php","meta":{"footnotes":""},"class_list":["post-674","page","type-page","status-publish","has-post-thumbnail","hentry"],"yoast_head":"<!-- This site is optimized with the Yoast SEO plugin v25.8 - https:\/\/yoast.com\/wordpress\/plugins\/seo\/ -->\n<title>MusicDental - Ethermedia Webfejleszt\u0151 \u00fcgyn\u00f6ks\u00e9g | Magyarorsz\u00e1g<\/title>\n<meta name=\"robots\" content=\"index, follow, max-snippet:-1, max-image-preview:large, max-video-preview:-1\" \/>\n<link rel=\"canonical\" href=\"https:\/\/ethermedia.hu\/hu\/musicdental\/\" \/>\n<meta property=\"og:locale\" content=\"hu_HU\" \/>\n<meta property=\"og:type\" content=\"article\" \/>\n<meta property=\"og:title\" content=\"MusicDental - Ethermedia Webfejleszt\u0151 \u00fcgyn\u00f6ks\u00e9g | Magyarorsz\u00e1g\" \/>\n<meta property=\"og:description\" content=\"MusicDental Dental Practice Project Type: Weboldal fejleszt\u00e9s, Adwords Kamp\u00e1ny, Facebook kamp\u00e1ny Project Duration: 2016 - Ongoing Weboldal megtekint\u00e9seVissza a referenci\u00e1khoz &nbsp;Musicdental Project Type: Weboldal fejleszt\u00e9s, Adwords Kamp\u00e1ny, Facebook kamp\u00e1ny Project Duration: 2016 - Ongoing Weboldal megtekint\u00e9seVissza a referenci\u00e1khoz\" \/>\n<meta property=\"og:url\" content=\"https:\/\/ethermedia.hu\/hu\/musicdental\/\" \/>\n<meta property=\"og:site_name\" content=\"Ethermedia Webfejleszt\u0151 \u00fcgyn\u00f6ks\u00e9g | Magyarorsz\u00e1g\" \/>\n<meta property=\"article:modified_time\" content=\"2020-05-06T16:00:05+00:00\" \/>\n<meta property=\"og:image\" content=\"https:\/\/ethermedia.hu\/wp-content\/uploads\/2018\/10\/28616633_1802922840001959_4611818058070343173_o.jpg\" \/>\n\t<meta property=\"og:image:width\" content=\"1944\" \/>\n\t<meta property=\"og:image:height\" content=\"1296\" \/>\n\t<meta property=\"og:image:type\" content=\"image\/jpeg\" \/>\n<meta name=\"twitter:card\" content=\"summary_large_image\" \/>\n<meta name=\"twitter:label1\" content=\"Becs\u00fclt olvas\u00e1si id\u0151\" \/>\n\t<meta name=\"twitter:data1\" content=\"1 perc\" \/>\n<script type=\"application\/ld+json\" class=\"yoast-schema-graph\">{\"@context\":\"https:\/\/schema.org\",\"@graph\":[{\"@type\":\"WebPage\",\"@id\":\"https:\/\/ethermedia.hu\/hu\/musicdental\/\",\"url\":\"https:\/\/ethermedia.hu\/hu\/musicdental\/\",\"name\":\"MusicDental - Ethermedia Webfejleszt\u0151 \u00fcgyn\u00f6ks\u00e9g | Magyarorsz\u00e1g\",\"isPartOf\":{\"@id\":\"https:\/\/ethermedia.hu\/#website\"},\"primaryImageOfPage\":{\"@id\":\"https:\/\/ethermedia.hu\/hu\/musicdental\/#primaryimage\"},\"image\":{\"@id\":\"https:\/\/ethermedia.hu\/hu\/musicdental\/#primaryimage\"},\"thumbnailUrl\":\"https:\/\/ethermedia.hu\/wp-content\/uploads\/2018\/10\/28616633_1802922840001959_4611818058070343173_o.jpg\",\"datePublished\":\"2018-10-17T13:50:43+00:00\",\"dateModified\":\"2020-05-06T16:00:05+00:00\",\"breadcrumb\":{\"@id\":\"https:\/\/ethermedia.hu\/hu\/musicdental\/#breadcrumb\"},\"inLanguage\":\"hu\",\"potentialAction\":[{\"@type\":\"ReadAction\",\"target\":[\"https:\/\/ethermedia.hu\/hu\/musicdental\/\"]}]},{\"@type\":\"ImageObject\",\"inLanguage\":\"hu\",\"@id\":\"https:\/\/ethermedia.hu\/hu\/musicdental\/#primaryimage\",\"url\":\"https:\/\/ethermedia.hu\/wp-content\/uploads\/2018\/10\/28616633_1802922840001959_4611818058070343173_o.jpg\",\"contentUrl\":\"https:\/\/ethermedia.hu\/wp-content\/uploads\/2018\/10\/28616633_1802922840001959_4611818058070343173_o.jpg\",\"width\":1944,\"height\":1296},{\"@type\":\"BreadcrumbList\",\"@id\":\"https:\/\/ethermedia.hu\/hu\/musicdental\/#breadcrumb\",\"itemListElement\":[{\"@type\":\"ListItem\",\"position\":1,\"name\":\"Home\",\"item\":\"https:\/\/ethermedia.hu\/hu\/fooldal\/\"},{\"@type\":\"ListItem\",\"position\":2,\"name\":\"MusicDental\"}]},{\"@type\":\"WebSite\",\"@id\":\"https:\/\/ethermedia.hu\/#website\",\"url\":\"https:\/\/ethermedia.hu\/\",\"name\":\"Ethermedia Webfejleszt\u0151 \u00fcgyn\u00f6ks\u00e9g | Magyarorsz\u00e1g\",\"description\":\"Weboldalak, SEO, Online Marketing\",\"publisher\":{\"@id\":\"https:\/\/ethermedia.hu\/#organization\"},\"potentialAction\":[{\"@type\":\"SearchAction\",\"target\":{\"@type\":\"EntryPoint\",\"urlTemplate\":\"https:\/\/ethermedia.hu\/?s={search_term_string}\"},\"query-input\":{\"@type\":\"PropertyValueSpecification\",\"valueRequired\":true,\"valueName\":\"search_term_string\"}}],\"inLanguage\":\"hu\"},{\"@type\":\"Organization\",\"@id\":\"https:\/\/ethermedia.hu\/#organization\",\"name\":\"Ethermedia - Weboldal Tervez\u00e9s, SEO, Online Marketing\",\"url\":\"https:\/\/ethermedia.hu\/\",\"logo\":{\"@type\":\"ImageObject\",\"inLanguage\":\"hu\",\"@id\":\"https:\/\/ethermedia.hu\/#\/schema\/logo\/image\/\",\"url\":\"https:\/\/ethermedia.hu\/wp-content\/uploads\/2020\/05\/Logo-2-2-2.png\",\"contentUrl\":\"https:\/\/ethermedia.hu\/wp-content\/uploads\/2020\/05\/Logo-2-2-2.png\",\"width\":900,\"height\":700,\"caption\":\"Ethermedia - Weboldal Tervez\u00e9s, SEO, Online Marketing\"},\"image\":{\"@id\":\"https:\/\/ethermedia.hu\/#\/schema\/logo\/image\/\"}}]}<\/script>\n<!-- \/ Yoast SEO plugin. -->","yoast_head_json":{"title":"MusicDental - Ethermedia Webfejleszt\u0151 \u00fcgyn\u00f6ks\u00e9g | Magyarorsz\u00e1g","robots":{"index":"index","follow":"follow","max-snippet":"max-snippet:-1","max-image-preview":"max-image-preview:large","max-video-preview":"max-video-preview:-1"},"canonical":"https:\/\/ethermedia.hu\/hu\/musicdental\/","og_locale":"hu_HU","og_type":"article","og_title":"MusicDental - Ethermedia Webfejleszt\u0151 \u00fcgyn\u00f6ks\u00e9g | Magyarorsz\u00e1g","og_description":"MusicDental Dental Practice Project Type: Weboldal fejleszt\u00e9s, Adwords Kamp\u00e1ny, Facebook kamp\u00e1ny Project Duration: 2016 - Ongoing Weboldal megtekint\u00e9seVissza a referenci\u00e1khoz &nbsp;Musicdental Project Type: Weboldal fejleszt\u00e9s, Adwords Kamp\u00e1ny, Facebook kamp\u00e1ny Project Duration: 2016 - Ongoing Weboldal megtekint\u00e9seVissza a referenci\u00e1khoz","og_url":"https:\/\/ethermedia.hu\/hu\/musicdental\/","og_site_name":"Ethermedia Webfejleszt\u0151 \u00fcgyn\u00f6ks\u00e9g | Magyarorsz\u00e1g","article_modified_time":"2020-05-06T16:00:05+00:00","og_image":[{"width":1944,"height":1296,"url":"https:\/\/ethermedia.hu\/wp-content\/uploads\/2018\/10\/28616633_1802922840001959_4611818058070343173_o.jpg","type":"image\/jpeg"}],"twitter_card":"summary_large_image","twitter_misc":{"Becs\u00fclt olvas\u00e1si id\u0151":"1 perc"},"schema":{"@context":"https:\/\/schema.org","@graph":[{"@type":"WebPage","@id":"https:\/\/ethermedia.hu\/hu\/musicdental\/","url":"https:\/\/ethermedia.hu\/hu\/musicdental\/","name":"MusicDental - Ethermedia Webfejleszt\u0151 \u00fcgyn\u00f6ks\u00e9g | Magyarorsz\u00e1g","isPartOf":{"@id":"https:\/\/ethermedia.hu\/#website"},"primaryImageOfPage":{"@id":"https:\/\/ethermedia.hu\/hu\/musicdental\/#primaryimage"},"image":{"@id":"https:\/\/ethermedia.hu\/hu\/musicdental\/#primaryimage"},"thumbnailUrl":"https:\/\/ethermedia.hu\/wp-content\/uploads\/2018\/10\/28616633_1802922840001959_4611818058070343173_o.jpg","datePublished":"2018-10-17T13:50:43+00:00","dateModified":"2020-05-06T16:00:05+00:00","breadcrumb":{"@id":"https:\/\/ethermedia.hu\/hu\/musicdental\/#breadcrumb"},"inLanguage":"hu","potentialAction":[{"@type":"ReadAction","target":["https:\/\/ethermedia.hu\/hu\/musicdental\/"]}]},{"@type":"ImageObject","inLanguage":"hu","@id":"https:\/\/ethermedia.hu\/hu\/musicdental\/#primaryimage","url":"https:\/\/ethermedia.hu\/wp-content\/uploads\/2018\/10\/28616633_1802922840001959_4611818058070343173_o.jpg","contentUrl":"https:\/\/ethermedia.hu\/wp-content\/uploads\/2018\/10\/28616633_1802922840001959_4611818058070343173_o.jpg","width":1944,"height":1296},{"@type":"BreadcrumbList","@id":"https:\/\/ethermedia.hu\/hu\/musicdental\/#breadcrumb","itemListElement":[{"@type":"ListItem","position":1,"name":"Home","item":"https:\/\/ethermedia.hu\/hu\/fooldal\/"},{"@type":"ListItem","position":2,"name":"MusicDental"}]},{"@type":"WebSite","@id":"https:\/\/ethermedia.hu\/#website","url":"https:\/\/ethermedia.hu\/","name":"Ethermedia Webfejleszt\u0151 \u00fcgyn\u00f6ks\u00e9g | Magyarorsz\u00e1g","description":"Weboldalak, SEO, Online Marketing","publisher":{"@id":"https:\/\/ethermedia.hu\/#organization"},"potentialAction":[{"@type":"SearchAction","target":{"@type":"EntryPoint","urlTemplate":"https:\/\/ethermedia.hu\/?s={search_term_string}"},"query-input":{"@type":"PropertyValueSpecification","valueRequired":true,"valueName":"search_term_string"}}],"inLanguage":"hu"},{"@type":"Organization","@id":"https:\/\/ethermedia.hu\/#organization","name":"Ethermedia - Weboldal Tervez\u00e9s, SEO, Online Marketing","url":"https:\/\/ethermedia.hu\/","logo":{"@type":"ImageObject","inLanguage":"hu","@id":"https:\/\/ethermedia.hu\/#\/schema\/logo\/image\/","url":"https:\/\/ethermedia.hu\/wp-content\/uploads\/2020\/05\/Logo-2-2-2.png","contentUrl":"https:\/\/ethermedia.hu\/wp-content\/uploads\/2020\/05\/Logo-2-2-2.png","width":900,"height":700,"caption":"Ethermedia - Weboldal Tervez\u00e9s, SEO, Online Marketing"},"image":{"@id":"https:\/\/ethermedia.hu\/#\/schema\/logo\/image\/"}}]}},"_links":{"self":[{"href":"https:\/\/ethermedia.hu\/hu\/wp-json\/wp\/v2\/pages\/674","targetHints":{"allow":["GET"]}}],"collection":[{"href":"https:\/\/ethermedia.hu\/hu\/wp-json\/wp\/v2\/pages"}],"about":[{"href":"https:\/\/ethermedia.hu\/hu\/wp-json\/wp\/v2\/types\/page"}],"author":[{"embeddable":true,"href":"https:\/\/ethermedia.hu\/hu\/wp-json\/wp\/v2\/users\/1"}],"replies":[{"embeddable":true,"href":"https:\/\/ethermedia.hu\/hu\/wp-json\/wp\/v2\/comments?post=674"}],"version-history":[{"count":0,"href":"https:\/\/ethermedia.hu\/hu\/wp-json\/wp\/v2\/pages\/674\/revisions"}],"wp:featuredmedia":[{"embeddable":true,"href":"https:\/\/ethermedia.hu\/hu\/wp-json\/wp\/v2\/media\/705"}],"wp:attachment":[{"href":"https:\/\/ethermedia.hu\/hu\/wp-json\/wp\/v2\/media?parent=674"}],"curies":[{"name":"wp","href":"https:\/\/api.w.org\/{rel}","templated":true}]}}