{"id":738,"date":"2020-05-12T09:15:49","date_gmt":"2020-05-12T09:15:49","guid":{"rendered":"https:\/\/ethermedia.hu\/aszf\/"},"modified":"2020-05-12T09:21:44","modified_gmt":"2020-05-12T09:21:44","slug":"aszf","status":"publish","type":"page","link":"https:\/\/ethermedia.hu\/hu\/aszf\/","title":{"rendered":"ASZF"},"content":{"rendered":"<div id=\"cs-content\" class=\"cs-content\"><\/div>\n","protected":false},"excerpt":{"rendered":"<p>ADATKEZEL\u00c9SI SZAB\u00c1LYZAT Decorolux E.V. \u00c9rv\u00e9nyes: 2015. m\u00e1jus 3-t\u0151l visszavon\u00e1sig Bevezet\u00e9s, Adatkezel\u0151 adatai, el\u00e9rhet\u0151s\u00e9ge A term\u00e9szetes szem\u00e9lyeknek a szem\u00e9lyes adatok kezel\u00e9se tekintet\u00e9ben t\u00f6rt\u00e9n\u0151 v\u00e9delm\u00e9r\u0151l \u00e9s az ilyen adatok szabad \u00e1raml\u00e1s\u00e1r\u00f3l, valamint a 95\/46\/EK rendelet hat\u00e1lyon k\u00edv\u00fcl helyez\u00e9s\u00e9r\u0151l (\u00e1ltal\u00e1nos adatv\u00e9delmi rendelet) sz\u00f3l\u00f3, AZ EUR\u00d3PAI PARLAMENT \u00c9S A TAN\u00c1CS (EU) 2016\/679 RENDELETE (2016. \u00e1prilis 27.) szerint az al\u00e1bbi t\u00e1j\u00e9koztat\u00e1st adjuk. Jelen Adatkezel\u00e9si Szab\u00e1lyzat &#8230;<\/p>\n","protected":false},"author":1,"featured_media":0,"parent":0,"menu_order":0,"comment_status":"closed","ping_status":"closed","template":"template-blank-4.php","meta":{"footnotes":""},"class_list":["post-738","page","type-page","status-publish","hentry","no-post-thumbnail"],"yoast_head":"<!-- This site is optimized with the Yoast SEO plugin v25.8 - https:\/\/yoast.com\/wordpress\/plugins\/seo\/ -->\n<title>ASZF - Ethermedia Webfejleszt\u0151 \u00fcgyn\u00f6ks\u00e9g | Magyarorsz\u00e1g<\/title>\n<meta name=\"robots\" content=\"index, follow, max-snippet:-1, max-image-preview:large, max-video-preview:-1\" \/>\n<link rel=\"canonical\" href=\"https:\/\/ethermedia.hu\/hu\/aszf\/\" \/>\n<meta property=\"og:locale\" content=\"hu_HU\" \/>\n<meta property=\"og:type\" content=\"article\" \/>\n<meta property=\"og:title\" content=\"ASZF - Ethermedia Webfejleszt\u0151 \u00fcgyn\u00f6ks\u00e9g | Magyarorsz\u00e1g\" \/>\n<meta property=\"og:description\" content=\"ADATKEZEL\u00c9SI SZAB\u00c1LYZAT Decorolux E.V. \u00c9rv\u00e9nyes: 2015. m\u00e1jus 3-t\u0151l visszavon\u00e1sig Bevezet\u00e9s, Adatkezel\u0151 adatai, el\u00e9rhet\u0151s\u00e9ge A term\u00e9szetes szem\u00e9lyeknek a szem\u00e9lyes adatok kezel\u00e9se tekintet\u00e9ben t\u00f6rt\u00e9n\u0151 v\u00e9delm\u00e9r\u0151l \u00e9s az ilyen adatok szabad \u00e1raml\u00e1s\u00e1r\u00f3l, valamint a 95\/46\/EK rendelet hat\u00e1lyon k\u00edv\u00fcl helyez\u00e9s\u00e9r\u0151l (\u00e1ltal\u00e1nos adatv\u00e9delmi rendelet) sz\u00f3l\u00f3, AZ EUR\u00d3PAI PARLAMENT \u00c9S A TAN\u00c1CS (EU) 2016\/679 RENDELETE (2016. \u00e1prilis 27.) szerint az al\u00e1bbi t\u00e1j\u00e9koztat\u00e1st adjuk. Jelen Adatkezel\u00e9si Szab\u00e1lyzat ...\" \/>\n<meta property=\"og:url\" content=\"https:\/\/ethermedia.hu\/hu\/aszf\/\" \/>\n<meta property=\"og:site_name\" content=\"Ethermedia Webfejleszt\u0151 \u00fcgyn\u00f6ks\u00e9g | Magyarorsz\u00e1g\" \/>\n<meta property=\"article:modified_time\" content=\"2020-05-12T09:21:44+00:00\" \/>\n<meta name=\"twitter:card\" content=\"summary_large_image\" \/>\n<meta name=\"twitter:label1\" content=\"Becs\u00fclt olvas\u00e1si id\u0151\" \/>\n\t<meta name=\"twitter:data1\" content=\"77 perc\" \/>\n<script type=\"application\/ld+json\" class=\"yoast-schema-graph\">{\"@context\":\"https:\/\/schema.org\",\"@graph\":[{\"@type\":\"WebPage\",\"@id\":\"https:\/\/ethermedia.hu\/hu\/aszf\/\",\"url\":\"https:\/\/ethermedia.hu\/hu\/aszf\/\",\"name\":\"ASZF - Ethermedia Webfejleszt\u0151 \u00fcgyn\u00f6ks\u00e9g | Magyarorsz\u00e1g\",\"isPartOf\":{\"@id\":\"https:\/\/ethermedia.hu\/#website\"},\"datePublished\":\"2020-05-12T09:15:49+00:00\",\"dateModified\":\"2020-05-12T09:21:44+00:00\",\"breadcrumb\":{\"@id\":\"https:\/\/ethermedia.hu\/hu\/aszf\/#breadcrumb\"},\"inLanguage\":\"hu\",\"potentialAction\":[{\"@type\":\"ReadAction\",\"target\":[\"https:\/\/ethermedia.hu\/hu\/aszf\/\"]}]},{\"@type\":\"BreadcrumbList\",\"@id\":\"https:\/\/ethermedia.hu\/hu\/aszf\/#breadcrumb\",\"itemListElement\":[{\"@type\":\"ListItem\",\"position\":1,\"name\":\"Home\",\"item\":\"https:\/\/ethermedia.hu\/hu\/fooldal\/\"},{\"@type\":\"ListItem\",\"position\":2,\"name\":\"ASZF\"}]},{\"@type\":\"WebSite\",\"@id\":\"https:\/\/ethermedia.hu\/#website\",\"url\":\"https:\/\/ethermedia.hu\/\",\"name\":\"Ethermedia Webfejleszt\u0151 \u00fcgyn\u00f6ks\u00e9g | Magyarorsz\u00e1g\",\"description\":\"Weboldalak, SEO, Online Marketing\",\"publisher\":{\"@id\":\"https:\/\/ethermedia.hu\/#organization\"},\"potentialAction\":[{\"@type\":\"SearchAction\",\"target\":{\"@type\":\"EntryPoint\",\"urlTemplate\":\"https:\/\/ethermedia.hu\/?s={search_term_string}\"},\"query-input\":{\"@type\":\"PropertyValueSpecification\",\"valueRequired\":true,\"valueName\":\"search_term_string\"}}],\"inLanguage\":\"hu\"},{\"@type\":\"Organization\",\"@id\":\"https:\/\/ethermedia.hu\/#organization\",\"name\":\"Ethermedia - Weboldal Tervez\u00e9s, SEO, Online Marketing\",\"url\":\"https:\/\/ethermedia.hu\/\",\"logo\":{\"@type\":\"ImageObject\",\"inLanguage\":\"hu\",\"@id\":\"https:\/\/ethermedia.hu\/#\/schema\/logo\/image\/\",\"url\":\"https:\/\/ethermedia.hu\/wp-content\/uploads\/2020\/05\/Logo-2-2-2.png\",\"contentUrl\":\"https:\/\/ethermedia.hu\/wp-content\/uploads\/2020\/05\/Logo-2-2-2.png\",\"width\":900,\"height\":700,\"caption\":\"Ethermedia - Weboldal Tervez\u00e9s, SEO, Online Marketing\"},\"image\":{\"@id\":\"https:\/\/ethermedia.hu\/#\/schema\/logo\/image\/\"}}]}<\/script>\n<!-- \/ Yoast SEO plugin. -->","yoast_head_json":{"title":"ASZF - Ethermedia Webfejleszt\u0151 \u00fcgyn\u00f6ks\u00e9g | Magyarorsz\u00e1g","robots":{"index":"index","follow":"follow","max-snippet":"max-snippet:-1","max-image-preview":"max-image-preview:large","max-video-preview":"max-video-preview:-1"},"canonical":"https:\/\/ethermedia.hu\/hu\/aszf\/","og_locale":"hu_HU","og_type":"article","og_title":"ASZF - Ethermedia Webfejleszt\u0151 \u00fcgyn\u00f6ks\u00e9g | Magyarorsz\u00e1g","og_description":"ADATKEZEL\u00c9SI SZAB\u00c1LYZAT Decorolux E.V. \u00c9rv\u00e9nyes: 2015. m\u00e1jus 3-t\u0151l visszavon\u00e1sig Bevezet\u00e9s, Adatkezel\u0151 adatai, el\u00e9rhet\u0151s\u00e9ge A term\u00e9szetes szem\u00e9lyeknek a szem\u00e9lyes adatok kezel\u00e9se tekintet\u00e9ben t\u00f6rt\u00e9n\u0151 v\u00e9delm\u00e9r\u0151l \u00e9s az ilyen adatok szabad \u00e1raml\u00e1s\u00e1r\u00f3l, valamint a 95\/46\/EK rendelet hat\u00e1lyon k\u00edv\u00fcl helyez\u00e9s\u00e9r\u0151l (\u00e1ltal\u00e1nos adatv\u00e9delmi rendelet) sz\u00f3l\u00f3, AZ EUR\u00d3PAI PARLAMENT \u00c9S A TAN\u00c1CS (EU) 2016\/679 RENDELETE (2016. \u00e1prilis 27.) szerint az al\u00e1bbi t\u00e1j\u00e9koztat\u00e1st adjuk. Jelen Adatkezel\u00e9si Szab\u00e1lyzat ...","og_url":"https:\/\/ethermedia.hu\/hu\/aszf\/","og_site_name":"Ethermedia Webfejleszt\u0151 \u00fcgyn\u00f6ks\u00e9g | Magyarorsz\u00e1g","article_modified_time":"2020-05-12T09:21:44+00:00","twitter_card":"summary_large_image","twitter_misc":{"Becs\u00fclt olvas\u00e1si id\u0151":"77 perc"},"schema":{"@context":"https:\/\/schema.org","@graph":[{"@type":"WebPage","@id":"https:\/\/ethermedia.hu\/hu\/aszf\/","url":"https:\/\/ethermedia.hu\/hu\/aszf\/","name":"ASZF - Ethermedia Webfejleszt\u0151 \u00fcgyn\u00f6ks\u00e9g | Magyarorsz\u00e1g","isPartOf":{"@id":"https:\/\/ethermedia.hu\/#website"},"datePublished":"2020-05-12T09:15:49+00:00","dateModified":"2020-05-12T09:21:44+00:00","breadcrumb":{"@id":"https:\/\/ethermedia.hu\/hu\/aszf\/#breadcrumb"},"inLanguage":"hu","potentialAction":[{"@type":"ReadAction","target":["https:\/\/ethermedia.hu\/hu\/aszf\/"]}]},{"@type":"BreadcrumbList","@id":"https:\/\/ethermedia.hu\/hu\/aszf\/#breadcrumb","itemListElement":[{"@type":"ListItem","position":1,"name":"Home","item":"https:\/\/ethermedia.hu\/hu\/fooldal\/"},{"@type":"ListItem","position":2,"name":"ASZF"}]},{"@type":"WebSite","@id":"https:\/\/ethermedia.hu\/#website","url":"https:\/\/ethermedia.hu\/","name":"Ethermedia Webfejleszt\u0151 \u00fcgyn\u00f6ks\u00e9g | Magyarorsz\u00e1g","description":"Weboldalak, SEO, Online Marketing","publisher":{"@id":"https:\/\/ethermedia.hu\/#organization"},"potentialAction":[{"@type":"SearchAction","target":{"@type":"EntryPoint","urlTemplate":"https:\/\/ethermedia.hu\/?s={search_term_string}"},"query-input":{"@type":"PropertyValueSpecification","valueRequired":true,"valueName":"search_term_string"}}],"inLanguage":"hu"},{"@type":"Organization","@id":"https:\/\/ethermedia.hu\/#organization","name":"Ethermedia - Weboldal Tervez\u00e9s, SEO, Online Marketing","url":"https:\/\/ethermedia.hu\/","logo":{"@type":"ImageObject","inLanguage":"hu","@id":"https:\/\/ethermedia.hu\/#\/schema\/logo\/image\/","url":"https:\/\/ethermedia.hu\/wp-content\/uploads\/2020\/05\/Logo-2-2-2.png","contentUrl":"https:\/\/ethermedia.hu\/wp-content\/uploads\/2020\/05\/Logo-2-2-2.png","width":900,"height":700,"caption":"Ethermedia - Weboldal Tervez\u00e9s, SEO, Online Marketing"},"image":{"@id":"https:\/\/ethermedia.hu\/#\/schema\/logo\/image\/"}}]}},"_links":{"self":[{"href":"https:\/\/ethermedia.hu\/hu\/wp-json\/wp\/v2\/pages\/738","targetHints":{"allow":["GET"]}}],"collection":[{"href":"https:\/\/ethermedia.hu\/hu\/wp-json\/wp\/v2\/pages"}],"about":[{"href":"https:\/\/ethermedia.hu\/hu\/wp-json\/wp\/v2\/types\/page"}],"author":[{"embeddable":true,"href":"https:\/\/ethermedia.hu\/hu\/wp-json\/wp\/v2\/users\/1"}],"replies":[{"embeddable":true,"href":"https:\/\/ethermedia.hu\/hu\/wp-json\/wp\/v2\/comments?post=738"}],"version-history":[{"count":0,"href":"https:\/\/ethermedia.hu\/hu\/wp-json\/wp\/v2\/pages\/738\/revisions"}],"wp:attachment":[{"href":"https:\/\/ethermedia.hu\/hu\/wp-json\/wp\/v2\/media?parent=738"}],"curies":[{"name":"wp","href":"https:\/\/api.w.org\/{rel}","templated":true}]}}