{"id":780,"date":"2020-05-24T17:14:28","date_gmt":"2020-05-24T17:14:28","guid":{"rendered":"https:\/\/ethermedia.hu\/weboldal-keszites\/"},"modified":"2020-06-17T07:08:14","modified_gmt":"2020-06-17T07:08:14","slug":"weboldal-keszites","status":"publish","type":"page","link":"https:\/\/ethermedia.hu\/hu\/weboldal-keszites\/","title":{"rendered":"Weboldal K\u00e9sz\u00edt\u00e9s"},"content":{"rendered":"<div id=\"cs-content\" class=\"cs-content\"><\/div>\n","protected":false},"excerpt":{"rendered":"<p>Weboldal k\u00e9sz\u00edt\u00e9s Weboldal k\u00e9sz\u00edt\u00e9s Egy weboldal Ami megfelel minden ig\u00e9nynek.Mobil optimaliz\u00e1lt Mobil optimaliz\u00e1lt Minden k\u00e9perny\u0151m\u00e9retre optimaliz\u00e1lt Reszponz\u00edv weboldal Mobilbar\u00e1t megold\u00e1sok Egyedi mobil design \u00dcgyf\u00e9l \u00e1ltal kezelhet\u0151 \u00dcgyf\u00e9l \u00e1ltal kezelhet\u0151 CMS megold\u00e1sok Wordpress, Joomla, Drupal, Shopify, Magento \u00dcgyf\u00e9l \u00e1ltal kezelhet\u0151 adatb\u00e1zis \u00dcgyf\u00e9l \u00e1ltal kezelhet\u0151 frontend Felveszem a kapcsolatotModern Modern Modern design Anim\u00e1ci\u00f3k Egy\u00e9ni piktogrammok \u00e9s m\u00e1rkaelemek UI \/ UX alapelveknek megfelel\u0151 &#8230;<\/p>\n","protected":false},"author":1,"featured_media":0,"parent":0,"menu_order":0,"comment_status":"closed","ping_status":"closed","template":"template-blank-4.php","meta":{"footnotes":""},"class_list":["post-780","page","type-page","status-publish","hentry","no-post-thumbnail"],"yoast_head":"<!-- This site is optimized with the Yoast SEO plugin v25.8 - https:\/\/yoast.com\/wordpress\/plugins\/seo\/ -->\n<title>Weboldal K\u00e9sz\u00edt\u00e9s - Ethermedia Webfejleszt\u0151 \u00fcgyn\u00f6ks\u00e9g | Magyarorsz\u00e1g<\/title>\n<meta name=\"description\" content=\"Ha nem rendeln\u00e9l meg egy szolg\u00e1ltat\u00e1st an\u00e9lk\u00fcl, hogy pontosan tudod mik a pontos l\u00e9p\u00e9sek ahhoz, hogy k\u00e9zhesd kapd, j\u00f3 helyen j\u00e1rsz!\" \/>\n<meta name=\"robots\" content=\"index, follow, max-snippet:-1, max-image-preview:large, max-video-preview:-1\" \/>\n<link rel=\"canonical\" href=\"https:\/\/ethermedia.hu\/hu\/weboldal-keszites\/\" \/>\n<meta property=\"og:locale\" content=\"hu_HU\" \/>\n<meta property=\"og:type\" content=\"article\" \/>\n<meta property=\"og:title\" content=\"Weboldal K\u00e9sz\u00edt\u00e9s - Ethermedia Webfejleszt\u0151 \u00fcgyn\u00f6ks\u00e9g | Magyarorsz\u00e1g\" \/>\n<meta property=\"og:description\" content=\"Ha nem rendeln\u00e9l meg egy szolg\u00e1ltat\u00e1st an\u00e9lk\u00fcl, hogy pontosan tudod mik a pontos l\u00e9p\u00e9sek ahhoz, hogy k\u00e9zhesd kapd, j\u00f3 helyen j\u00e1rsz!\" \/>\n<meta property=\"og:url\" content=\"https:\/\/ethermedia.hu\/hu\/weboldal-keszites\/\" \/>\n<meta property=\"og:site_name\" content=\"Ethermedia Webfejleszt\u0151 \u00fcgyn\u00f6ks\u00e9g | Magyarorsz\u00e1g\" \/>\n<meta property=\"article:modified_time\" content=\"2020-06-17T07:08:14+00:00\" \/>\n<meta property=\"og:image\" content=\"https:\/\/ethermedia.hu\/wp-content\/uploads\/2018\/10\/logofinalzing.png\" \/>\n<meta name=\"twitter:card\" content=\"summary_large_image\" \/>\n<meta name=\"twitter:label1\" content=\"Becs\u00fclt olvas\u00e1si id\u0151\" \/>\n\t<meta name=\"twitter:data1\" content=\"4 perc\" \/>\n<script type=\"application\/ld+json\" class=\"yoast-schema-graph\">{\"@context\":\"https:\/\/schema.org\",\"@graph\":[{\"@type\":\"WebPage\",\"@id\":\"https:\/\/ethermedia.hu\/hu\/weboldal-keszites\/\",\"url\":\"https:\/\/ethermedia.hu\/hu\/weboldal-keszites\/\",\"name\":\"Weboldal K\u00e9sz\u00edt\u00e9s - Ethermedia Webfejleszt\u0151 \u00fcgyn\u00f6ks\u00e9g | Magyarorsz\u00e1g\",\"isPartOf\":{\"@id\":\"https:\/\/ethermedia.hu\/#website\"},\"primaryImageOfPage\":{\"@id\":\"https:\/\/ethermedia.hu\/hu\/weboldal-keszites\/#primaryimage\"},\"image\":{\"@id\":\"https:\/\/ethermedia.hu\/hu\/weboldal-keszites\/#primaryimage\"},\"thumbnailUrl\":\"https:\/\/ethermedia.hu\/wp-content\/uploads\/2018\/10\/logofinalzing.png\",\"datePublished\":\"2020-05-24T17:14:28+00:00\",\"dateModified\":\"2020-06-17T07:08:14+00:00\",\"description\":\"Ha nem rendeln\u00e9l meg egy szolg\u00e1ltat\u00e1st an\u00e9lk\u00fcl, hogy pontosan tudod mik a pontos l\u00e9p\u00e9sek ahhoz, hogy k\u00e9zhesd kapd, j\u00f3 helyen j\u00e1rsz!\",\"breadcrumb\":{\"@id\":\"https:\/\/ethermedia.hu\/hu\/weboldal-keszites\/#breadcrumb\"},\"inLanguage\":\"hu\",\"potentialAction\":[{\"@type\":\"ReadAction\",\"target\":[\"https:\/\/ethermedia.hu\/hu\/weboldal-keszites\/\"]}]},{\"@type\":\"ImageObject\",\"inLanguage\":\"hu\",\"@id\":\"https:\/\/ethermedia.hu\/hu\/weboldal-keszites\/#primaryimage\",\"url\":\"https:\/\/ethermedia.hu\/wp-content\/uploads\/2018\/10\/logofinalzing.png\",\"contentUrl\":\"https:\/\/ethermedia.hu\/wp-content\/uploads\/2018\/10\/logofinalzing.png\"},{\"@type\":\"BreadcrumbList\",\"@id\":\"https:\/\/ethermedia.hu\/hu\/weboldal-keszites\/#breadcrumb\",\"itemListElement\":[{\"@type\":\"ListItem\",\"position\":1,\"name\":\"Home\",\"item\":\"https:\/\/ethermedia.hu\/hu\/fooldal\/\"},{\"@type\":\"ListItem\",\"position\":2,\"name\":\"Weboldal K\u00e9sz\u00edt\u00e9s\"}]},{\"@type\":\"WebSite\",\"@id\":\"https:\/\/ethermedia.hu\/#website\",\"url\":\"https:\/\/ethermedia.hu\/\",\"name\":\"Ethermedia Webfejleszt\u0151 \u00fcgyn\u00f6ks\u00e9g | Magyarorsz\u00e1g\",\"description\":\"Weboldalak, SEO, Online Marketing\",\"publisher\":{\"@id\":\"https:\/\/ethermedia.hu\/#organization\"},\"potentialAction\":[{\"@type\":\"SearchAction\",\"target\":{\"@type\":\"EntryPoint\",\"urlTemplate\":\"https:\/\/ethermedia.hu\/?s={search_term_string}\"},\"query-input\":{\"@type\":\"PropertyValueSpecification\",\"valueRequired\":true,\"valueName\":\"search_term_string\"}}],\"inLanguage\":\"hu\"},{\"@type\":\"Organization\",\"@id\":\"https:\/\/ethermedia.hu\/#organization\",\"name\":\"Ethermedia - Weboldal Tervez\u00e9s, SEO, Online Marketing\",\"url\":\"https:\/\/ethermedia.hu\/\",\"logo\":{\"@type\":\"ImageObject\",\"inLanguage\":\"hu\",\"@id\":\"https:\/\/ethermedia.hu\/#\/schema\/logo\/image\/\",\"url\":\"https:\/\/ethermedia.hu\/wp-content\/uploads\/2020\/05\/Logo-2-2-2.png\",\"contentUrl\":\"https:\/\/ethermedia.hu\/wp-content\/uploads\/2020\/05\/Logo-2-2-2.png\",\"width\":900,\"height\":700,\"caption\":\"Ethermedia - Weboldal Tervez\u00e9s, SEO, Online Marketing\"},\"image\":{\"@id\":\"https:\/\/ethermedia.hu\/#\/schema\/logo\/image\/\"}}]}<\/script>\n<!-- \/ Yoast SEO plugin. -->","yoast_head_json":{"title":"Weboldal K\u00e9sz\u00edt\u00e9s - Ethermedia Webfejleszt\u0151 \u00fcgyn\u00f6ks\u00e9g | Magyarorsz\u00e1g","description":"Ha nem rendeln\u00e9l meg egy szolg\u00e1ltat\u00e1st an\u00e9lk\u00fcl, hogy pontosan tudod mik a pontos l\u00e9p\u00e9sek ahhoz, hogy k\u00e9zhesd kapd, j\u00f3 helyen j\u00e1rsz!","robots":{"index":"index","follow":"follow","max-snippet":"max-snippet:-1","max-image-preview":"max-image-preview:large","max-video-preview":"max-video-preview:-1"},"canonical":"https:\/\/ethermedia.hu\/hu\/weboldal-keszites\/","og_locale":"hu_HU","og_type":"article","og_title":"Weboldal K\u00e9sz\u00edt\u00e9s - Ethermedia Webfejleszt\u0151 \u00fcgyn\u00f6ks\u00e9g | Magyarorsz\u00e1g","og_description":"Ha nem rendeln\u00e9l meg egy szolg\u00e1ltat\u00e1st an\u00e9lk\u00fcl, hogy pontosan tudod mik a pontos l\u00e9p\u00e9sek ahhoz, hogy k\u00e9zhesd kapd, j\u00f3 helyen j\u00e1rsz!","og_url":"https:\/\/ethermedia.hu\/hu\/weboldal-keszites\/","og_site_name":"Ethermedia Webfejleszt\u0151 \u00fcgyn\u00f6ks\u00e9g | Magyarorsz\u00e1g","article_modified_time":"2020-06-17T07:08:14+00:00","og_image":[{"url":"https:\/\/ethermedia.hu\/wp-content\/uploads\/2018\/10\/logofinalzing.png","type":"","width":"","height":""}],"twitter_card":"summary_large_image","twitter_misc":{"Becs\u00fclt olvas\u00e1si id\u0151":"4 perc"},"schema":{"@context":"https:\/\/schema.org","@graph":[{"@type":"WebPage","@id":"https:\/\/ethermedia.hu\/hu\/weboldal-keszites\/","url":"https:\/\/ethermedia.hu\/hu\/weboldal-keszites\/","name":"Weboldal K\u00e9sz\u00edt\u00e9s - Ethermedia Webfejleszt\u0151 \u00fcgyn\u00f6ks\u00e9g | Magyarorsz\u00e1g","isPartOf":{"@id":"https:\/\/ethermedia.hu\/#website"},"primaryImageOfPage":{"@id":"https:\/\/ethermedia.hu\/hu\/weboldal-keszites\/#primaryimage"},"image":{"@id":"https:\/\/ethermedia.hu\/hu\/weboldal-keszites\/#primaryimage"},"thumbnailUrl":"https:\/\/ethermedia.hu\/wp-content\/uploads\/2018\/10\/logofinalzing.png","datePublished":"2020-05-24T17:14:28+00:00","dateModified":"2020-06-17T07:08:14+00:00","description":"Ha nem rendeln\u00e9l meg egy szolg\u00e1ltat\u00e1st an\u00e9lk\u00fcl, hogy pontosan tudod mik a pontos l\u00e9p\u00e9sek ahhoz, hogy k\u00e9zhesd kapd, j\u00f3 helyen j\u00e1rsz!","breadcrumb":{"@id":"https:\/\/ethermedia.hu\/hu\/weboldal-keszites\/#breadcrumb"},"inLanguage":"hu","potentialAction":[{"@type":"ReadAction","target":["https:\/\/ethermedia.hu\/hu\/weboldal-keszites\/"]}]},{"@type":"ImageObject","inLanguage":"hu","@id":"https:\/\/ethermedia.hu\/hu\/weboldal-keszites\/#primaryimage","url":"https:\/\/ethermedia.hu\/wp-content\/uploads\/2018\/10\/logofinalzing.png","contentUrl":"https:\/\/ethermedia.hu\/wp-content\/uploads\/2018\/10\/logofinalzing.png"},{"@type":"BreadcrumbList","@id":"https:\/\/ethermedia.hu\/hu\/weboldal-keszites\/#breadcrumb","itemListElement":[{"@type":"ListItem","position":1,"name":"Home","item":"https:\/\/ethermedia.hu\/hu\/fooldal\/"},{"@type":"ListItem","position":2,"name":"Weboldal K\u00e9sz\u00edt\u00e9s"}]},{"@type":"WebSite","@id":"https:\/\/ethermedia.hu\/#website","url":"https:\/\/ethermedia.hu\/","name":"Ethermedia Webfejleszt\u0151 \u00fcgyn\u00f6ks\u00e9g | Magyarorsz\u00e1g","description":"Weboldalak, SEO, Online Marketing","publisher":{"@id":"https:\/\/ethermedia.hu\/#organization"},"potentialAction":[{"@type":"SearchAction","target":{"@type":"EntryPoint","urlTemplate":"https:\/\/ethermedia.hu\/?s={search_term_string}"},"query-input":{"@type":"PropertyValueSpecification","valueRequired":true,"valueName":"search_term_string"}}],"inLanguage":"hu"},{"@type":"Organization","@id":"https:\/\/ethermedia.hu\/#organization","name":"Ethermedia - Weboldal Tervez\u00e9s, SEO, Online Marketing","url":"https:\/\/ethermedia.hu\/","logo":{"@type":"ImageObject","inLanguage":"hu","@id":"https:\/\/ethermedia.hu\/#\/schema\/logo\/image\/","url":"https:\/\/ethermedia.hu\/wp-content\/uploads\/2020\/05\/Logo-2-2-2.png","contentUrl":"https:\/\/ethermedia.hu\/wp-content\/uploads\/2020\/05\/Logo-2-2-2.png","width":900,"height":700,"caption":"Ethermedia - Weboldal Tervez\u00e9s, SEO, Online Marketing"},"image":{"@id":"https:\/\/ethermedia.hu\/#\/schema\/logo\/image\/"}}]}},"_links":{"self":[{"href":"https:\/\/ethermedia.hu\/hu\/wp-json\/wp\/v2\/pages\/780","targetHints":{"allow":["GET"]}}],"collection":[{"href":"https:\/\/ethermedia.hu\/hu\/wp-json\/wp\/v2\/pages"}],"about":[{"href":"https:\/\/ethermedia.hu\/hu\/wp-json\/wp\/v2\/types\/page"}],"author":[{"embeddable":true,"href":"https:\/\/ethermedia.hu\/hu\/wp-json\/wp\/v2\/users\/1"}],"replies":[{"embeddable":true,"href":"https:\/\/ethermedia.hu\/hu\/wp-json\/wp\/v2\/comments?post=780"}],"version-history":[{"count":0,"href":"https:\/\/ethermedia.hu\/hu\/wp-json\/wp\/v2\/pages\/780\/revisions"}],"wp:attachment":[{"href":"https:\/\/ethermedia.hu\/hu\/wp-json\/wp\/v2\/media?parent=780"}],"curies":[{"name":"wp","href":"https:\/\/api.w.org\/{rel}","templated":true}]}}