{"id":872,"date":"2020-05-26T19:13:42","date_gmt":"2020-05-26T19:13:42","guid":{"rendered":"https:\/\/ethermedia.hu\/?page_id=872"},"modified":"2020-06-26T09:26:17","modified_gmt":"2020-06-26T09:26:17","slug":"logo-es-markatervezes","status":"publish","type":"page","link":"https:\/\/ethermedia.hu\/hu\/logo-es-markatervezes\/","title":{"rendered":"Log\u00f3 \u00e9s arculat"},"content":{"rendered":"<div id=\"cs-content\" class=\"cs-content\"><\/div>\n","protected":false},"excerpt":{"rendered":"<p>LOG\u00d3 \u00c9S ARCULAT Tudj meg t\u00f6bbetWEBDESIGN \u00c9S UI\/UX Design Tudj meg t\u00f6bbetDIGIT\u00c1LIS \u00c9S NYOMDAI GRAFIKA Tudj meg t\u00f6bbetLog\u00f3tervez\u00e9s Log\u00f3 \u00e9s arculat V\u00e1llalkoz\u00e1sod elind\u00edt\u00e1s\u00e1hoz \u00e9s a jelenlegi trendek k\u00f6vet\u00e9s\u00e9hez elengedhetetlen a modern vizu\u00e1lis megjelen\u00e9s. Szeretn\u00e9d, ha a v\u00e1llalkoz\u00e1sod megjelen\u00e9se minden l\u00e1togat\u00f3 fel\u00e9 a profizmus \u00e9rzet\u00e9t kelten\u00e9? \u00c1tfog\u00f3 arculati tervez\u00e9s a log\u00f3t\u00f3l a weboldalig.Projektjeink:Referenci\u00e1k megtekint\u00e9seMinden \u00fcgyf\u00e9lre \u00dcgyfeleink ig\u00e9nyeit felm\u00e9rve \u00e9s szem el\u0151tt &#8230;<\/p>\n","protected":false},"author":1,"featured_media":0,"parent":0,"menu_order":0,"comment_status":"closed","ping_status":"closed","template":"template-blank-4.php","meta":{"footnotes":""},"class_list":["post-872","page","type-page","status-publish","hentry","no-post-thumbnail"],"yoast_head":"<!-- This site is optimized with the Yoast SEO plugin v25.8 - https:\/\/yoast.com\/wordpress\/plugins\/seo\/ -->\n<title>Log\u00f3 \u00e9s arculat - Ethermedia Webfejleszt\u0151 \u00fcgyn\u00f6ks\u00e9g | Magyarorsz\u00e1g<\/title>\n<meta name=\"robots\" content=\"index, follow, max-snippet:-1, max-image-preview:large, max-video-preview:-1\" \/>\n<link rel=\"canonical\" href=\"https:\/\/ethermedia.hu\/hu\/logo-es-markatervezes\/\" \/>\n<meta property=\"og:locale\" content=\"hu_HU\" \/>\n<meta property=\"og:type\" content=\"article\" \/>\n<meta property=\"og:title\" content=\"Log\u00f3 \u00e9s arculat - Ethermedia Webfejleszt\u0151 \u00fcgyn\u00f6ks\u00e9g | Magyarorsz\u00e1g\" \/>\n<meta property=\"og:description\" content=\"LOG\u00d3 \u00c9S ARCULAT Tudj meg t\u00f6bbetWEBDESIGN \u00c9S UI\/UX Design Tudj meg t\u00f6bbetDIGIT\u00c1LIS \u00c9S NYOMDAI GRAFIKA Tudj meg t\u00f6bbetLog\u00f3tervez\u00e9s Log\u00f3 \u00e9s arculat V\u00e1llalkoz\u00e1sod elind\u00edt\u00e1s\u00e1hoz \u00e9s a jelenlegi trendek k\u00f6vet\u00e9s\u00e9hez elengedhetetlen a modern vizu\u00e1lis megjelen\u00e9s. Szeretn\u00e9d, ha a v\u00e1llalkoz\u00e1sod megjelen\u00e9se minden l\u00e1togat\u00f3 fel\u00e9 a profizmus \u00e9rzet\u00e9t kelten\u00e9? \u00c1tfog\u00f3 arculati tervez\u00e9s a log\u00f3t\u00f3l a weboldalig.Projektjeink:Referenci\u00e1k megtekint\u00e9seMinden \u00fcgyf\u00e9lre \u00dcgyfeleink ig\u00e9nyeit felm\u00e9rve \u00e9s szem el\u0151tt ...\" \/>\n<meta property=\"og:url\" content=\"https:\/\/ethermedia.hu\/hu\/logo-es-markatervezes\/\" \/>\n<meta property=\"og:site_name\" content=\"Ethermedia Webfejleszt\u0151 \u00fcgyn\u00f6ks\u00e9g | Magyarorsz\u00e1g\" \/>\n<meta property=\"article:modified_time\" content=\"2020-06-26T09:26:17+00:00\" \/>\n<meta property=\"og:image\" content=\"https:\/\/ethermedia.hu\/wp-content\/uploads\/2020\/05\/geometry-grid-feature-01-1.jpg\" \/>\n<meta name=\"twitter:card\" content=\"summary_large_image\" \/>\n<meta name=\"twitter:label1\" content=\"Becs\u00fclt olvas\u00e1si id\u0151\" \/>\n\t<meta name=\"twitter:data1\" content=\"6 perc\" \/>\n<script type=\"application\/ld+json\" class=\"yoast-schema-graph\">{\"@context\":\"https:\/\/schema.org\",\"@graph\":[{\"@type\":\"WebPage\",\"@id\":\"https:\/\/ethermedia.hu\/hu\/logo-es-markatervezes\/\",\"url\":\"https:\/\/ethermedia.hu\/hu\/logo-es-markatervezes\/\",\"name\":\"Log\u00f3 \u00e9s arculat - Ethermedia Webfejleszt\u0151 \u00fcgyn\u00f6ks\u00e9g | Magyarorsz\u00e1g\",\"isPartOf\":{\"@id\":\"https:\/\/ethermedia.hu\/#website\"},\"primaryImageOfPage\":{\"@id\":\"https:\/\/ethermedia.hu\/hu\/logo-es-markatervezes\/#primaryimage\"},\"image\":{\"@id\":\"https:\/\/ethermedia.hu\/hu\/logo-es-markatervezes\/#primaryimage\"},\"thumbnailUrl\":\"https:\/\/ethermedia.hu\/wp-content\/uploads\/2020\/05\/geometry-grid-feature-01-1.jpg\",\"datePublished\":\"2020-05-26T19:13:42+00:00\",\"dateModified\":\"2020-06-26T09:26:17+00:00\",\"breadcrumb\":{\"@id\":\"https:\/\/ethermedia.hu\/hu\/logo-es-markatervezes\/#breadcrumb\"},\"inLanguage\":\"hu\",\"potentialAction\":[{\"@type\":\"ReadAction\",\"target\":[\"https:\/\/ethermedia.hu\/hu\/logo-es-markatervezes\/\"]}]},{\"@type\":\"ImageObject\",\"inLanguage\":\"hu\",\"@id\":\"https:\/\/ethermedia.hu\/hu\/logo-es-markatervezes\/#primaryimage\",\"url\":\"https:\/\/ethermedia.hu\/wp-content\/uploads\/2020\/05\/geometry-grid-feature-01-1.jpg\",\"contentUrl\":\"https:\/\/ethermedia.hu\/wp-content\/uploads\/2020\/05\/geometry-grid-feature-01-1.jpg\"},{\"@type\":\"BreadcrumbList\",\"@id\":\"https:\/\/ethermedia.hu\/hu\/logo-es-markatervezes\/#breadcrumb\",\"itemListElement\":[{\"@type\":\"ListItem\",\"position\":1,\"name\":\"Home\",\"item\":\"https:\/\/ethermedia.hu\/hu\/fooldal\/\"},{\"@type\":\"ListItem\",\"position\":2,\"name\":\"Log\u00f3 \u00e9s arculat\"}]},{\"@type\":\"WebSite\",\"@id\":\"https:\/\/ethermedia.hu\/#website\",\"url\":\"https:\/\/ethermedia.hu\/\",\"name\":\"Ethermedia Webfejleszt\u0151 \u00fcgyn\u00f6ks\u00e9g | Magyarorsz\u00e1g\",\"description\":\"Weboldalak, SEO, Online Marketing\",\"publisher\":{\"@id\":\"https:\/\/ethermedia.hu\/#organization\"},\"potentialAction\":[{\"@type\":\"SearchAction\",\"target\":{\"@type\":\"EntryPoint\",\"urlTemplate\":\"https:\/\/ethermedia.hu\/?s={search_term_string}\"},\"query-input\":{\"@type\":\"PropertyValueSpecification\",\"valueRequired\":true,\"valueName\":\"search_term_string\"}}],\"inLanguage\":\"hu\"},{\"@type\":\"Organization\",\"@id\":\"https:\/\/ethermedia.hu\/#organization\",\"name\":\"Ethermedia - Weboldal Tervez\u00e9s, SEO, Online Marketing\",\"url\":\"https:\/\/ethermedia.hu\/\",\"logo\":{\"@type\":\"ImageObject\",\"inLanguage\":\"hu\",\"@id\":\"https:\/\/ethermedia.hu\/#\/schema\/logo\/image\/\",\"url\":\"https:\/\/ethermedia.hu\/wp-content\/uploads\/2020\/05\/Logo-2-2-2.png\",\"contentUrl\":\"https:\/\/ethermedia.hu\/wp-content\/uploads\/2020\/05\/Logo-2-2-2.png\",\"width\":900,\"height\":700,\"caption\":\"Ethermedia - Weboldal Tervez\u00e9s, SEO, Online Marketing\"},\"image\":{\"@id\":\"https:\/\/ethermedia.hu\/#\/schema\/logo\/image\/\"}}]}<\/script>\n<!-- \/ Yoast SEO plugin. -->","yoast_head_json":{"title":"Log\u00f3 \u00e9s arculat - Ethermedia Webfejleszt\u0151 \u00fcgyn\u00f6ks\u00e9g | Magyarorsz\u00e1g","robots":{"index":"index","follow":"follow","max-snippet":"max-snippet:-1","max-image-preview":"max-image-preview:large","max-video-preview":"max-video-preview:-1"},"canonical":"https:\/\/ethermedia.hu\/hu\/logo-es-markatervezes\/","og_locale":"hu_HU","og_type":"article","og_title":"Log\u00f3 \u00e9s arculat - Ethermedia Webfejleszt\u0151 \u00fcgyn\u00f6ks\u00e9g | Magyarorsz\u00e1g","og_description":"LOG\u00d3 \u00c9S ARCULAT Tudj meg t\u00f6bbetWEBDESIGN \u00c9S UI\/UX Design Tudj meg t\u00f6bbetDIGIT\u00c1LIS \u00c9S NYOMDAI GRAFIKA Tudj meg t\u00f6bbetLog\u00f3tervez\u00e9s Log\u00f3 \u00e9s arculat V\u00e1llalkoz\u00e1sod elind\u00edt\u00e1s\u00e1hoz \u00e9s a jelenlegi trendek k\u00f6vet\u00e9s\u00e9hez elengedhetetlen a modern vizu\u00e1lis megjelen\u00e9s. Szeretn\u00e9d, ha a v\u00e1llalkoz\u00e1sod megjelen\u00e9se minden l\u00e1togat\u00f3 fel\u00e9 a profizmus \u00e9rzet\u00e9t kelten\u00e9? \u00c1tfog\u00f3 arculati tervez\u00e9s a log\u00f3t\u00f3l a weboldalig.Projektjeink:Referenci\u00e1k megtekint\u00e9seMinden \u00fcgyf\u00e9lre \u00dcgyfeleink ig\u00e9nyeit felm\u00e9rve \u00e9s szem el\u0151tt ...","og_url":"https:\/\/ethermedia.hu\/hu\/logo-es-markatervezes\/","og_site_name":"Ethermedia Webfejleszt\u0151 \u00fcgyn\u00f6ks\u00e9g | Magyarorsz\u00e1g","article_modified_time":"2020-06-26T09:26:17+00:00","og_image":[{"url":"https:\/\/ethermedia.hu\/wp-content\/uploads\/2020\/05\/geometry-grid-feature-01-1.jpg","type":"","width":"","height":""}],"twitter_card":"summary_large_image","twitter_misc":{"Becs\u00fclt olvas\u00e1si id\u0151":"6 perc"},"schema":{"@context":"https:\/\/schema.org","@graph":[{"@type":"WebPage","@id":"https:\/\/ethermedia.hu\/hu\/logo-es-markatervezes\/","url":"https:\/\/ethermedia.hu\/hu\/logo-es-markatervezes\/","name":"Log\u00f3 \u00e9s arculat - Ethermedia Webfejleszt\u0151 \u00fcgyn\u00f6ks\u00e9g | Magyarorsz\u00e1g","isPartOf":{"@id":"https:\/\/ethermedia.hu\/#website"},"primaryImageOfPage":{"@id":"https:\/\/ethermedia.hu\/hu\/logo-es-markatervezes\/#primaryimage"},"image":{"@id":"https:\/\/ethermedia.hu\/hu\/logo-es-markatervezes\/#primaryimage"},"thumbnailUrl":"https:\/\/ethermedia.hu\/wp-content\/uploads\/2020\/05\/geometry-grid-feature-01-1.jpg","datePublished":"2020-05-26T19:13:42+00:00","dateModified":"2020-06-26T09:26:17+00:00","breadcrumb":{"@id":"https:\/\/ethermedia.hu\/hu\/logo-es-markatervezes\/#breadcrumb"},"inLanguage":"hu","potentialAction":[{"@type":"ReadAction","target":["https:\/\/ethermedia.hu\/hu\/logo-es-markatervezes\/"]}]},{"@type":"ImageObject","inLanguage":"hu","@id":"https:\/\/ethermedia.hu\/hu\/logo-es-markatervezes\/#primaryimage","url":"https:\/\/ethermedia.hu\/wp-content\/uploads\/2020\/05\/geometry-grid-feature-01-1.jpg","contentUrl":"https:\/\/ethermedia.hu\/wp-content\/uploads\/2020\/05\/geometry-grid-feature-01-1.jpg"},{"@type":"BreadcrumbList","@id":"https:\/\/ethermedia.hu\/hu\/logo-es-markatervezes\/#breadcrumb","itemListElement":[{"@type":"ListItem","position":1,"name":"Home","item":"https:\/\/ethermedia.hu\/hu\/fooldal\/"},{"@type":"ListItem","position":2,"name":"Log\u00f3 \u00e9s arculat"}]},{"@type":"WebSite","@id":"https:\/\/ethermedia.hu\/#website","url":"https:\/\/ethermedia.hu\/","name":"Ethermedia Webfejleszt\u0151 \u00fcgyn\u00f6ks\u00e9g | Magyarorsz\u00e1g","description":"Weboldalak, SEO, Online Marketing","publisher":{"@id":"https:\/\/ethermedia.hu\/#organization"},"potentialAction":[{"@type":"SearchAction","target":{"@type":"EntryPoint","urlTemplate":"https:\/\/ethermedia.hu\/?s={search_term_string}"},"query-input":{"@type":"PropertyValueSpecification","valueRequired":true,"valueName":"search_term_string"}}],"inLanguage":"hu"},{"@type":"Organization","@id":"https:\/\/ethermedia.hu\/#organization","name":"Ethermedia - Weboldal Tervez\u00e9s, SEO, Online Marketing","url":"https:\/\/ethermedia.hu\/","logo":{"@type":"ImageObject","inLanguage":"hu","@id":"https:\/\/ethermedia.hu\/#\/schema\/logo\/image\/","url":"https:\/\/ethermedia.hu\/wp-content\/uploads\/2020\/05\/Logo-2-2-2.png","contentUrl":"https:\/\/ethermedia.hu\/wp-content\/uploads\/2020\/05\/Logo-2-2-2.png","width":900,"height":700,"caption":"Ethermedia - Weboldal Tervez\u00e9s, SEO, Online Marketing"},"image":{"@id":"https:\/\/ethermedia.hu\/#\/schema\/logo\/image\/"}}]}},"_links":{"self":[{"href":"https:\/\/ethermedia.hu\/hu\/wp-json\/wp\/v2\/pages\/872","targetHints":{"allow":["GET"]}}],"collection":[{"href":"https:\/\/ethermedia.hu\/hu\/wp-json\/wp\/v2\/pages"}],"about":[{"href":"https:\/\/ethermedia.hu\/hu\/wp-json\/wp\/v2\/types\/page"}],"author":[{"embeddable":true,"href":"https:\/\/ethermedia.hu\/hu\/wp-json\/wp\/v2\/users\/1"}],"replies":[{"embeddable":true,"href":"https:\/\/ethermedia.hu\/hu\/wp-json\/wp\/v2\/comments?post=872"}],"version-history":[{"count":0,"href":"https:\/\/ethermedia.hu\/hu\/wp-json\/wp\/v2\/pages\/872\/revisions"}],"wp:attachment":[{"href":"https:\/\/ethermedia.hu\/hu\/wp-json\/wp\/v2\/media?parent=872"}],"curies":[{"name":"wp","href":"https:\/\/api.w.org\/{rel}","templated":true}]}}