{"id":977,"date":"2018-10-17T13:48:40","date_gmt":"2018-10-17T13:48:40","guid":{"rendered":"https:\/\/ethermedia.hu\/pointzero\/"},"modified":"2020-06-22T12:41:37","modified_gmt":"2020-06-22T12:41:37","slug":"pointzero","status":"publish","type":"page","link":"https:\/\/ethermedia.hu\/hu\/pointzero\/","title":{"rendered":"PointZero"},"content":{"rendered":"<div id=\"cs-content\" class=\"cs-content\"><\/div>\n","protected":false},"excerpt":{"rendered":"<p>PointZero Project Type: Webfejleszt\u00e9s, Web design, Karbantart\u00e1s, Webshop, egyedi anim\u00e1ci\u00f3k Project Duration: 2017 &#8211; Ongoing Weboldal megtekint\u00e9seVissza a referenci\u00e1khoz &nbsp;PointZero Project Type: Webfejleszt\u00e9s, Web design, Karbantart\u00e1s, egyedi anim\u00e1ci\u00f3k Project Duration: 2016 &#8211; Ongoing Weboldal megtekint\u00e9seVissza a referenci\u00e1khozPointZero Project Type: Webfejleszt\u00e9s, Web design, Karbantart\u00e1s, Webshop, egyedi anim\u00e1ci\u00f3k Project Duration: 2017 &#8211; Ongoing Weboldal megtekint\u00e9se Vissza a referenci\u00e1khoz setREVStartSize({c: &#8216;rev_slider_13_3&#8242;,rl:[1240,1024,778,480],el:[],gw:[1240],gh:[868],type:&#8217;standard&#8217;,justify:&#8221;,layout:&#8217;fullwidth&#8217;,mh:&#8221;0&#8243;}); var revapi13, &#8230;<\/p>\n","protected":false},"author":1,"featured_media":0,"parent":0,"menu_order":0,"comment_status":"closed","ping_status":"closed","template":"template-blank-4.php","meta":{"footnotes":""},"class_list":["post-977","page","type-page","status-publish","hentry","no-post-thumbnail"],"yoast_head":"<!-- This site is optimized with the Yoast SEO plugin v25.8 - https:\/\/yoast.com\/wordpress\/plugins\/seo\/ -->\n<title>PointZero - Ethermedia Webfejleszt\u0151 \u00fcgyn\u00f6ks\u00e9g | Magyarorsz\u00e1g<\/title>\n<meta name=\"robots\" content=\"index, follow, max-snippet:-1, max-image-preview:large, max-video-preview:-1\" \/>\n<link rel=\"canonical\" href=\"https:\/\/ethermedia.hu\/hu\/pointzero\/\" \/>\n<meta property=\"og:locale\" content=\"hu_HU\" \/>\n<meta property=\"og:type\" content=\"article\" \/>\n<meta property=\"og:title\" content=\"PointZero - Ethermedia Webfejleszt\u0151 \u00fcgyn\u00f6ks\u00e9g | Magyarorsz\u00e1g\" \/>\n<meta property=\"og:description\" content=\"PointZero Project Type: Webfejleszt\u00e9s, Web design, Karbantart\u00e1s, Webshop, egyedi anim\u00e1ci\u00f3k Project Duration: 2017 - Ongoing Weboldal megtekint\u00e9seVissza a referenci\u00e1khoz &nbsp;PointZero Project Type: Webfejleszt\u00e9s, Web design, Karbantart\u00e1s, egyedi anim\u00e1ci\u00f3k Project Duration: 2016 - Ongoing Weboldal megtekint\u00e9seVissza a referenci\u00e1khozPointZero Project Type: Webfejleszt\u00e9s, Web design, Karbantart\u00e1s, Webshop, egyedi anim\u00e1ci\u00f3k Project Duration: 2017 &#8211; Ongoing Weboldal megtekint\u00e9se Vissza a referenci\u00e1khoz setREVStartSize({c: &#8216;rev_slider_13_3&#8242;,rl:[1240,1024,778,480],el:[],gw:[1240],gh:[868],type:&#8217;standard&#8217;,justify:&#8221;,layout:&#8217;fullwidth&#8217;,mh:&#8221;0&#8243;}); var revapi13, ...\" \/>\n<meta property=\"og:url\" content=\"https:\/\/ethermedia.hu\/hu\/pointzero\/\" \/>\n<meta property=\"og:site_name\" content=\"Ethermedia Webfejleszt\u0151 \u00fcgyn\u00f6ks\u00e9g | Magyarorsz\u00e1g\" \/>\n<meta property=\"article:modified_time\" content=\"2020-06-22T12:41:37+00:00\" \/>\n<meta property=\"og:image\" content=\"\/\/ethermedia.hu\/wp-content\/uploads\/2018\/11\/1199x646_fill_b1d237aad44a95e3871fc116e6241517_XL.jpg\" \/>\n<meta name=\"twitter:card\" content=\"summary_large_image\" \/>\n<meta name=\"twitter:label1\" content=\"Becs\u00fclt olvas\u00e1si id\u0151\" \/>\n\t<meta name=\"twitter:data1\" content=\"4 perc\" \/>\n<script type=\"application\/ld+json\" class=\"yoast-schema-graph\">{\"@context\":\"https:\/\/schema.org\",\"@graph\":[{\"@type\":\"WebPage\",\"@id\":\"https:\/\/ethermedia.hu\/hu\/pointzero\/\",\"url\":\"https:\/\/ethermedia.hu\/hu\/pointzero\/\",\"name\":\"PointZero - Ethermedia Webfejleszt\u0151 \u00fcgyn\u00f6ks\u00e9g | Magyarorsz\u00e1g\",\"isPartOf\":{\"@id\":\"https:\/\/ethermedia.hu\/#website\"},\"datePublished\":\"2018-10-17T13:48:40+00:00\",\"dateModified\":\"2020-06-22T12:41:37+00:00\",\"breadcrumb\":{\"@id\":\"https:\/\/ethermedia.hu\/hu\/pointzero\/#breadcrumb\"},\"inLanguage\":\"hu\",\"potentialAction\":[{\"@type\":\"ReadAction\",\"target\":[\"https:\/\/ethermedia.hu\/hu\/pointzero\/\"]}]},{\"@type\":\"BreadcrumbList\",\"@id\":\"https:\/\/ethermedia.hu\/hu\/pointzero\/#breadcrumb\",\"itemListElement\":[{\"@type\":\"ListItem\",\"position\":1,\"name\":\"Home\",\"item\":\"https:\/\/ethermedia.hu\/hu\/fooldal\/\"},{\"@type\":\"ListItem\",\"position\":2,\"name\":\"PointZero\"}]},{\"@type\":\"WebSite\",\"@id\":\"https:\/\/ethermedia.hu\/#website\",\"url\":\"https:\/\/ethermedia.hu\/\",\"name\":\"Ethermedia Webfejleszt\u0151 \u00fcgyn\u00f6ks\u00e9g | Magyarorsz\u00e1g\",\"description\":\"Weboldalak, SEO, Online Marketing\",\"publisher\":{\"@id\":\"https:\/\/ethermedia.hu\/#organization\"},\"potentialAction\":[{\"@type\":\"SearchAction\",\"target\":{\"@type\":\"EntryPoint\",\"urlTemplate\":\"https:\/\/ethermedia.hu\/?s={search_term_string}\"},\"query-input\":{\"@type\":\"PropertyValueSpecification\",\"valueRequired\":true,\"valueName\":\"search_term_string\"}}],\"inLanguage\":\"hu\"},{\"@type\":\"Organization\",\"@id\":\"https:\/\/ethermedia.hu\/#organization\",\"name\":\"Ethermedia - Weboldal Tervez\u00e9s, SEO, Online Marketing\",\"url\":\"https:\/\/ethermedia.hu\/\",\"logo\":{\"@type\":\"ImageObject\",\"inLanguage\":\"hu\",\"@id\":\"https:\/\/ethermedia.hu\/#\/schema\/logo\/image\/\",\"url\":\"https:\/\/ethermedia.hu\/wp-content\/uploads\/2020\/05\/Logo-2-2-2.png\",\"contentUrl\":\"https:\/\/ethermedia.hu\/wp-content\/uploads\/2020\/05\/Logo-2-2-2.png\",\"width\":900,\"height\":700,\"caption\":\"Ethermedia - Weboldal Tervez\u00e9s, SEO, Online Marketing\"},\"image\":{\"@id\":\"https:\/\/ethermedia.hu\/#\/schema\/logo\/image\/\"}}]}<\/script>\n<!-- \/ Yoast SEO plugin. -->","yoast_head_json":{"title":"PointZero - Ethermedia Webfejleszt\u0151 \u00fcgyn\u00f6ks\u00e9g | Magyarorsz\u00e1g","robots":{"index":"index","follow":"follow","max-snippet":"max-snippet:-1","max-image-preview":"max-image-preview:large","max-video-preview":"max-video-preview:-1"},"canonical":"https:\/\/ethermedia.hu\/hu\/pointzero\/","og_locale":"hu_HU","og_type":"article","og_title":"PointZero - Ethermedia Webfejleszt\u0151 \u00fcgyn\u00f6ks\u00e9g | Magyarorsz\u00e1g","og_description":"PointZero Project Type: Webfejleszt\u00e9s, Web design, Karbantart\u00e1s, Webshop, egyedi anim\u00e1ci\u00f3k Project Duration: 2017 - Ongoing Weboldal megtekint\u00e9seVissza a referenci\u00e1khoz &nbsp;PointZero Project Type: Webfejleszt\u00e9s, Web design, Karbantart\u00e1s, egyedi anim\u00e1ci\u00f3k Project Duration: 2016 - Ongoing Weboldal megtekint\u00e9seVissza a referenci\u00e1khozPointZero Project Type: Webfejleszt\u00e9s, Web design, Karbantart\u00e1s, Webshop, egyedi anim\u00e1ci\u00f3k Project Duration: 2017 &#8211; Ongoing Weboldal megtekint\u00e9se Vissza a referenci\u00e1khoz setREVStartSize({c: &#8216;rev_slider_13_3&#8242;,rl:[1240,1024,778,480],el:[],gw:[1240],gh:[868],type:&#8217;standard&#8217;,justify:&#8221;,layout:&#8217;fullwidth&#8217;,mh:&#8221;0&#8243;}); var revapi13, ...","og_url":"https:\/\/ethermedia.hu\/hu\/pointzero\/","og_site_name":"Ethermedia Webfejleszt\u0151 \u00fcgyn\u00f6ks\u00e9g | Magyarorsz\u00e1g","article_modified_time":"2020-06-22T12:41:37+00:00","og_image":[{"url":"\/\/ethermedia.hu\/wp-content\/uploads\/2018\/11\/1199x646_fill_b1d237aad44a95e3871fc116e6241517_XL.jpg","type":"","width":"","height":""}],"twitter_card":"summary_large_image","twitter_misc":{"Becs\u00fclt olvas\u00e1si id\u0151":"4 perc"},"schema":{"@context":"https:\/\/schema.org","@graph":[{"@type":"WebPage","@id":"https:\/\/ethermedia.hu\/hu\/pointzero\/","url":"https:\/\/ethermedia.hu\/hu\/pointzero\/","name":"PointZero - Ethermedia Webfejleszt\u0151 \u00fcgyn\u00f6ks\u00e9g | Magyarorsz\u00e1g","isPartOf":{"@id":"https:\/\/ethermedia.hu\/#website"},"datePublished":"2018-10-17T13:48:40+00:00","dateModified":"2020-06-22T12:41:37+00:00","breadcrumb":{"@id":"https:\/\/ethermedia.hu\/hu\/pointzero\/#breadcrumb"},"inLanguage":"hu","potentialAction":[{"@type":"ReadAction","target":["https:\/\/ethermedia.hu\/hu\/pointzero\/"]}]},{"@type":"BreadcrumbList","@id":"https:\/\/ethermedia.hu\/hu\/pointzero\/#breadcrumb","itemListElement":[{"@type":"ListItem","position":1,"name":"Home","item":"https:\/\/ethermedia.hu\/hu\/fooldal\/"},{"@type":"ListItem","position":2,"name":"PointZero"}]},{"@type":"WebSite","@id":"https:\/\/ethermedia.hu\/#website","url":"https:\/\/ethermedia.hu\/","name":"Ethermedia Webfejleszt\u0151 \u00fcgyn\u00f6ks\u00e9g | Magyarorsz\u00e1g","description":"Weboldalak, SEO, Online Marketing","publisher":{"@id":"https:\/\/ethermedia.hu\/#organization"},"potentialAction":[{"@type":"SearchAction","target":{"@type":"EntryPoint","urlTemplate":"https:\/\/ethermedia.hu\/?s={search_term_string}"},"query-input":{"@type":"PropertyValueSpecification","valueRequired":true,"valueName":"search_term_string"}}],"inLanguage":"hu"},{"@type":"Organization","@id":"https:\/\/ethermedia.hu\/#organization","name":"Ethermedia - Weboldal Tervez\u00e9s, SEO, Online Marketing","url":"https:\/\/ethermedia.hu\/","logo":{"@type":"ImageObject","inLanguage":"hu","@id":"https:\/\/ethermedia.hu\/#\/schema\/logo\/image\/","url":"https:\/\/ethermedia.hu\/wp-content\/uploads\/2020\/05\/Logo-2-2-2.png","contentUrl":"https:\/\/ethermedia.hu\/wp-content\/uploads\/2020\/05\/Logo-2-2-2.png","width":900,"height":700,"caption":"Ethermedia - Weboldal Tervez\u00e9s, SEO, Online Marketing"},"image":{"@id":"https:\/\/ethermedia.hu\/#\/schema\/logo\/image\/"}}]}},"_links":{"self":[{"href":"https:\/\/ethermedia.hu\/hu\/wp-json\/wp\/v2\/pages\/977","targetHints":{"allow":["GET"]}}],"collection":[{"href":"https:\/\/ethermedia.hu\/hu\/wp-json\/wp\/v2\/pages"}],"about":[{"href":"https:\/\/ethermedia.hu\/hu\/wp-json\/wp\/v2\/types\/page"}],"author":[{"embeddable":true,"href":"https:\/\/ethermedia.hu\/hu\/wp-json\/wp\/v2\/users\/1"}],"replies":[{"embeddable":true,"href":"https:\/\/ethermedia.hu\/hu\/wp-json\/wp\/v2\/comments?post=977"}],"version-history":[{"count":0,"href":"https:\/\/ethermedia.hu\/hu\/wp-json\/wp\/v2\/pages\/977\/revisions"}],"wp:attachment":[{"href":"https:\/\/ethermedia.hu\/hu\/wp-json\/wp\/v2\/media?parent=977"}],"curies":[{"name":"wp","href":"https:\/\/api.w.org\/{rel}","templated":true}]}}